{"id":102005,"date":"2025-03-13T22:21:51","date_gmt":"2025-03-14T04:21:51","guid":{"rendered":"https:\/\/nyahotel.cr\/yoga-at-yu-wellness\/"},"modified":"2026-01-30T13:44:51","modified_gmt":"2026-01-30T19:44:51","slug":"yoga-at-yu-wellness","status":"publish","type":"page","link":"https:\/\/www.nyahotel.cr\/es\/yoga-at-yu-wellness\/","title":{"rendered":"Yoga at YU Wellness"},"content":{"rendered":"<p>[et_pb_section fb_built=\u00bb1&#8243; fullwidth=\u00bbon\u00bb admin_label=\u00bbHero 3&#8243; module_class=\u00bbsfly_hero\u00bb _builder_version=\u00bb4.27.4&#8243; background_color=\u00bb#000000&#8243; locked=\u00bboff\u00bb global_colors_info=\u00bb{}\u00bb][et_pb_fullwidth_header title=\u00bbYoga at YU Wellness\u00bb header_fullscreen=\u00bbon\u00bb button_one_url=\u00bb#garden-pool\u00bb background_overlay_color=\u00bbrgba(0,0,0,0.25)\u00bb module_class=\u00bbsfly_fullwidth_header\u00bb _builder_version=\u00bb4.27.4&#8243; title_font=\u00bb|700|||||||\u00bb title_font_size=\u00bb60px\u00bb content_font=\u00bb||||||||\u00bb background_image=\u00bbhttps:\/\/www.nyahotel.cr\/wp-content\/uploads\/2025\/07\/yu-wellness-2.jpg\u00bb parallax=\u00bbon\u00bb parallax_method=\u00bbon\u00bb custom_button_two=\u00bbon\u00bb button_two_text_color=\u00bb#bf9e77&#8243; button_two_bg_color=\u00bbrgba(0,0,0,0)\u00bb button_two_border_color=\u00bb#bf9e77&#8243; button_two_font=\u00bb||||||||\u00bb button_two_use_icon=\u00bboff\u00bb animation_style=\u00bbfade\u00bb animation_duration=\u00bb1500ms\u00bb title_font_size_tablet=\u00bb48px\u00bb title_font_size_phone=\u00bb36px\u00bb title_font_size_last_edited=\u00bbon|desktop\u00bb custom_css_content=\u00bbmax-width: 600px;||margin-bottom: 15px;\u00bb button_one_text_color_hover=\u00bb#ffffff\u00bb button_two_text_color_hover=\u00bb#000000&#8243; button_one_border_color_hover=\u00bb#ffffff\u00bb button_two_border_color_hover=\u00bb#ffffff\u00bb button_one_bg_color_hover=\u00bbrgba(255,255,255,0)\u00bb button_two_bg_color_hover=\u00bb#ffffff\u00bb global_colors_info=\u00bb{}\u00bb button_one_text_size__hover_enabled=\u00bboff\u00bb button_two_text_size__hover_enabled=\u00bboff\u00bb button_one_text_color__hover_enabled=\u00bbon\u00bb button_one_text_color__hover=\u00bb#bf9e77&#8243; button_two_text_color__hover_enabled=\u00bbon\u00bb button_two_text_color__hover=\u00bb#ffffff\u00bb button_one_border_width__hover_enabled=\u00bboff\u00bb button_two_border_width__hover_enabled=\u00bboff\u00bb button_one_border_color__hover_enabled=\u00bbon\u00bb button_one_border_color__hover=\u00bbrgba(191,158,119,0.99)\u00bb button_two_border_color__hover_enabled=\u00bbon\u00bb button_two_border_color__hover=\u00bbrgba(191,158,119,0.99)\u00bb button_one_border_radius__hover_enabled=\u00bboff\u00bb button_two_border_radius__hover_enabled=\u00bboff\u00bb button_one_letter_spacing__hover_enabled=\u00bboff\u00bb button_two_letter_spacing__hover_enabled=\u00bboff\u00bb button_one_bg_color__hover_enabled=\u00bbon\u00bb button_one_bg_color__hover=\u00bbrgba(255,255,255,0)\u00bb button_two_bg_color__hover_enabled=\u00bbon\u00bb button_two_bg_color__hover=\u00bb#bf9e77&#8243;]Encuentra tu equilibrio con clases diarias de yoga en Yu Wellness Studio, donde los sonidos de la selva y las brisas del oc\u00e9ano crean el ambiente perfecto para tu pr\u00e1ctica.[\/et_pb_fullwidth_header][\/et_pb_section][et_pb_section fb_built=\u00bb1&#8243; admin_label=\u00bbFeature 1&#8243; module_class=\u00bbsfly_feature\u00bb _builder_version=\u00bb4.27.4&#8243; background_color=\u00bb#4D4E20&#8243; background_image=\u00bbhttps:\/\/www.nyahotel.cr\/wp-content\/uploads\/2025\/03\/wellness-pattern.png\u00bb parallax=\u00bbon\u00bb locked=\u00bboff\u00bb global_colors_info=\u00bb{}\u00bb][et_pb_row column_structure=\u00bb1_2,1_2&#8243; use_custom_gutter=\u00bbon\u00bb gutter_width=\u00bb1&#8243; make_equal=\u00bbon\u00bb padding_top_bottom_link_1=\u00bbfalse\u00bb padding_top_bottom_link_2=\u00bbtrue\u00bb padding_left_right_link_1=\u00bbfalse\u00bb padding_left_right_link_2=\u00bbtrue\u00bb _builder_version=\u00bb4.27.4&#8243; transform_scale_tablet=\u00bb\u00bb transform_scale_phone=\u00bb\u00bb transform_scale_last_edited=\u00bbon|desktop\u00bb transform_translate_tablet=\u00bb0px|0px\u00bb transform_translate_phone=\u00bb\u00bb transform_translate_last_edited=\u00bbon|tablet\u00bb transform_translate_linked=\u00bboff\u00bb transform_rotate_tablet=\u00bb\u00bb transform_rotate_phone=\u00bb\u00bb transform_rotate_last_edited=\u00bbon|desktop\u00bb transform_skew_tablet=\u00bb\u00bb transform_skew_phone=\u00bb\u00bb transform_skew_last_edited=\u00bbon|desktop\u00bb transform_origin_tablet=\u00bb\u00bb transform_origin_phone=\u00bb\u00bb transform_origin_last_edited=\u00bbon|desktop\u00bb custom_margin=\u00bb||||false|false\u00bb custom_padding=\u00bb|||\u00bb global_colors_info=\u00bb{}\u00bb][et_pb_column type=\u00bb1_2&#8243; module_class=\u00bbcolumn1&#8243; _builder_version=\u00bb4.27.4&#8243; background_image=\u00bbhttps:\/\/www.nyahotel.cr\/wp-content\/uploads\/2025\/07\/yu-wellness-4.jpg\u00bb custom_padding=\u00bb150px||150px||true|false\u00bb box_shadow_style=\u00bbpreset1&#8243; box_shadow_vertical=\u00bb0px\u00bb box_shadow_blur=\u00bb80px\u00bb box_shadow_color=\u00bbrgba(0,0,0,0.2)\u00bb global_colors_info=\u00bb{}\u00bb custom_padding__hover=\u00bb|||\u00bb][et_pb_divider color=\u00bbrgba(0,0,0,0)\u00bb module_class=\u00bbdivider_spacer\u00bb _builder_version=\u00bb4.16&#8243; global_colors_info=\u00bb{}\u00bb][\/et_pb_divider][\/et_pb_column][et_pb_column type=\u00bb1_2&#8243; module_class=\u00bbcolumn2&#8243; _builder_version=\u00bb4.27.4&#8243; background_color=\u00bb#ffffff\u00bb transform_scale_tablet=\u00bb\u00bb transform_scale_phone=\u00bb\u00bb transform_scale_last_edited=\u00bbon|phone\u00bb transform_translate=\u00bb-50px|-37px\u00bb transform_translate_tablet=\u00bb-50px|-37px\u00bb transform_translate_phone=\u00bb0px|0px\u00bb transform_translate_last_edited=\u00bbon|desktop\u00bb transform_translate_linked=\u00bboff\u00bb transform_rotate_tablet=\u00bb\u00bb transform_rotate_phone=\u00bb\u00bb transform_rotate_last_edited=\u00bbon|phone\u00bb transform_skew_tablet=\u00bb\u00bb transform_skew_phone=\u00bb\u00bb transform_skew_last_edited=\u00bbon|phone\u00bb transform_origin_tablet=\u00bb\u00bb transform_origin_phone=\u00bb\u00bb transform_origin_last_edited=\u00bbon|phone\u00bb transform_styles_last_edited=\u00bbon|desktop\u00bb vertical_offset=\u00bb0px\u00bb z_index=\u00bb99&#8243; custom_padding=\u00bb5%|5%|5%|5%|false|false\u00bb custom_padding_tablet=\u00bb\u00bb custom_padding_phone=\u00bb10%|10%|10%|10%|true|true\u00bb custom_padding_last_edited=\u00bbon|phone\u00bb transform_styles_tablet=\u00bb\u00bb transform_styles_phone=\u00bb\u00bb box_shadow_style=\u00bbpreset1&#8243; box_shadow_vertical=\u00bb0px\u00bb box_shadow_blur=\u00bb80px\u00bb box_shadow_color=\u00bbrgba(0,0,0,0.2)\u00bb global_colors_info=\u00bb{}\u00bb padding_phone=\u00bb10%|10%|10%|10%|true|true\u00bb padding_last_edited=\u00bbon|phone\u00bb custom_padding__hover=\u00bb|||\u00bb][et_pb_text quote_border_weight=\u00bb0px\u00bb quote_border_color=\u00bbrgba(0,0,0,0)\u00bb _builder_version=\u00bb4.27.4&#8243; text_font=\u00bb||||||||\u00bb link_font=\u00bb|100|||on|||#000000|\u00bb link_text_color=\u00bb#000000&#8243; quote_font=\u00bbPlayfair Display||on||||||\u00bb quote_text_color=\u00bb#000000&#8243; quote_line_height=\u00bb1.3em\u00bb header_font=\u00bb|700|||||||\u00bb header_2_font=\u00bb|700|||||||\u00bb header_2_font_size=\u00bb34px\u00bb header_2_line_height=\u00bb1.1em\u00bb header_3_font=\u00bb|700|||||||\u00bb header_3_text_color=\u00bb#000000&#8243; header_4_letter_spacing=\u00bb12px\u00bb header_5_font=\u00bb|300|||||||\u00bb header_5_text_color=\u00bb#bfbfbf\u00bb header_5_letter_spacing=\u00bb12px\u00bb header_6_font=\u00bb|700|||||||\u00bb header_6_letter_spacing=\u00bb12px\u00bb module_alignment=\u00bbleft\u00bb custom_margin_tablet=\u00bb\u00bb custom_margin_phone=\u00bb\u00bb custom_margin_last_edited=\u00bbon|desktop\u00bb quote_font_size_tablet=\u00bb\u00bb quote_font_size_phone=\u00bb\u00bb quote_font_size_last_edited=\u00bbon|desktop\u00bb saved_tabs=\u00bball\u00bb locked=\u00bboff\u00bb global_colors_info=\u00bb{}\u00bb]<\/p>\n<h2>Yoga at YU Wellness<\/h2>\n<p>Yu Wellness Studio ofrece un santuario tranquilo dentro de los jardines tropicales del Hotel nYa, donde tu pr\u00e1ctica de yoga se convierte en parte del ritmo natural de Montezuma. Ya sea que mantengas tu pr\u00e1ctica regular o descubras el yoga por primera vez, nuestro estudio pac\u00edfico proporciona el espacio perfecto para conectar con tu cuerpo, mente y esp\u00edritu.\t[\/et_pb_text][et_pb_button button_url=\u00bbhttps:\/\/wa.me\/50686093999&#8243; button_text=\u00bbReserva su clase\u00bb _builder_version=\u00bb4.27.5&#8243; custom_button=\u00bbon\u00bb button_font=\u00bb||||||||\u00bb button_use_icon=\u00bboff\u00bb custom_margin=\u00bb30px||||false\u00bb custom_padding=\u00bb8px|36px|8px|36px|true|true\u00bb hover_enabled=\u00bb0&#8243; locked=\u00bboff\u00bb global_colors_info=\u00bb{}\u00bb button_text_size__hover_enabled=\u00bboff\u00bb button_one_text_size__hover_enabled=\u00bboff\u00bb button_two_text_size__hover_enabled=\u00bboff\u00bb button_text_color__hover_enabled=\u00bboff\u00bb button_one_text_color__hover_enabled=\u00bboff\u00bb button_two_text_color__hover_enabled=\u00bboff\u00bb button_border_width__hover_enabled=\u00bboff\u00bb button_one_border_width__hover_enabled=\u00bboff\u00bb button_two_border_width__hover_enabled=\u00bboff\u00bb button_border_color__hover_enabled=\u00bboff\u00bb button_one_border_color__hover_enabled=\u00bboff\u00bb button_two_border_color__hover_enabled=\u00bboff\u00bb button_border_radius__hover_enabled=\u00bboff\u00bb button_one_border_radius__hover_enabled=\u00bboff\u00bb button_two_border_radius__hover_enabled=\u00bboff\u00bb button_letter_spacing__hover_enabled=\u00bboff\u00bb button_one_letter_spacing__hover_enabled=\u00bboff\u00bb button_two_letter_spacing__hover_enabled=\u00bboff\u00bb button_bg_color__hover_enabled=\u00bboff\u00bb button_one_bg_color__hover_enabled=\u00bboff\u00bb button_two_bg_color__hover_enabled=\u00bboff\u00bb sticky_enabled=\u00bb0&#8243;][\/et_pb_button][\/et_pb_column][\/et_pb_row][\/et_pb_section][et_pb_section fb_built=\u00bb1&#8243; _builder_version=\u00bb4.27.4&#8243; _module_preset=\u00bbdefault\u00bb custom_margin=\u00bb0px||0px||true|false\u00bb custom_padding=\u00bb0px||0px||true|false\u00bb global_colors_info=\u00bb{}\u00bb][et_pb_row column_structure=\u00bb1_2,1_2&#8243; use_custom_gutter=\u00bbon\u00bb gutter_width=\u00bb1&#8243; make_equal=\u00bbon\u00bb padding_top_bottom_link_2=\u00bbtrue\u00bb padding_left_right_link_2=\u00bbtrue\u00bb module_class=\u00bb et_pb_row_fullwidth\u00bb _builder_version=\u00bb4.27.4&#8243; width=\u00bb100%\u00bb width_tablet=\u00bb100%\u00bb width_phone=\u00bb100%\u00bb width_last_edited=\u00bbon|desktop\u00bb max_width=\u00bb100%\u00bb max_width_tablet=\u00bb100%\u00bb max_width_phone=\u00bb100%\u00bb max_width_last_edited=\u00bbon|desktop\u00bb custom_padding=\u00bb0px||0px||true\u00bb make_fullwidth=\u00bbon\u00bb custom_width_px=\u00bb750px\u00bb locked=\u00bboff\u00bb global_colors_info=\u00bb{}\u00bb][et_pb_column type=\u00bb1_2&#8243; module_class=\u00bbcolumn1&#8243; _builder_version=\u00bb4.27.4&#8243; background_image=\u00bbhttps:\/\/www.nyahotel.cr\/wp-content\/uploads\/2025\/07\/yu-wellness-pose.jpg\u00bb custom_padding=\u00bb150px||150px||true|false\u00bb global_colors_info=\u00bb{}\u00bb custom_padding__hover=\u00bb|||\u00bb][et_pb_divider color=\u00bbrgba(0,0,0,0)\u00bb module_class=\u00bbdivider_spacer\u00bb _builder_version=\u00bb4.27.4&#8243; global_colors_info=\u00bb{}\u00bb][\/et_pb_divider][\/et_pb_column][et_pb_column type=\u00bb1_2&#8243; module_class=\u00bbcolumn2&#8243; _builder_version=\u00bb4.27.4&#8243; background_color=\u00bb#FFFFFF\u00bb custom_padding=\u00bb5%|5%|5%|5%\u00bb custom_padding_tablet=\u00bb5%|5%|5%|5%\u00bb custom_padding_phone=\u00bb10%|10%|10%|10%|true|true\u00bb custom_padding_last_edited=\u00bbon|phone\u00bb global_colors_info=\u00bb{}\u00bb padding_phone=\u00bb10%|10%|10%|10%|true|true\u00bb padding_last_edited=\u00bbon|phone\u00bb custom_padding__hover=\u00bb|||\u00bb][et_pb_text quote_border_weight=\u00bb0px\u00bb quote_border_color=\u00bbrgba(0,0,0,0)\u00bb _builder_version=\u00bb4.27.4&#8243; text_font=\u00bb||||||||\u00bb link_font=\u00bb|100|||on|||#000000|\u00bb link_text_color=\u00bb#000000&#8243; quote_font=\u00bbCormorant Garamond|700|||||||\u00bb quote_text_color=\u00bb#bf9e77&#8243; quote_line_height=\u00bb1.3em\u00bb header_font=\u00bb|700|||||||\u00bb header_2_font=\u00bb|700|||||||\u00bb header_3_font=\u00bb|700|||||||\u00bb header_3_text_color=\u00bb#000000&#8243; header_4_letter_spacing=\u00bb12px\u00bb header_5_font=\u00bb|300|||||||\u00bb header_5_text_color=\u00bb#bfbfbf\u00bb header_5_letter_spacing=\u00bb12px\u00bb header_6_font=\u00bb|700|||||||\u00bb header_6_letter_spacing=\u00bb12px\u00bb module_alignment=\u00bbleft\u00bb custom_margin=\u00bb||40px||false|false\u00bb quote_font_size_tablet=\u00bb\u00bb quote_font_size_phone=\u00bb\u00bb quote_font_size_last_edited=\u00bbon|desktop\u00bb saved_tabs=\u00bball\u00bb locked=\u00bboff\u00bb global_colors_info=\u00bb{}\u00bb]<\/p>\n<h3>Clases Diarias de Yoga<\/h3>\n<p>Yu Wellness Studio en el Hotel nYa ofrece sesiones diarias de yoga dise\u00f1adas para todos los niveles, desde principiantes hasta practicantes experimentados. Nuestras clases matutinas presentan diversos estilos, incluyendo yoga Hatha suave enfocado en la alineaci\u00f3n y la respiraci\u00f3n, secuencias fluidas de Vinyasa que conectan movimiento con respiraci\u00f3n, y desafiantes sesiones de Ashtanga que construyen fuerza a trav\u00e9s de posturas tradicionales.<\/p>\n<p>[\/et_pb_text][et_pb_text quote_border_weight=\u00bb0px\u00bb quote_border_color=\u00bbrgba(0,0,0,0)\u00bb _builder_version=\u00bb4.27.4&#8243; text_font=\u00bb||||||||\u00bb link_font=\u00bb|100|||on|||#000000|\u00bb link_text_color=\u00bb#000000&#8243; quote_font=\u00bbCormorant Garamond|700|||||||\u00bb quote_text_color=\u00bb#bf9e77&#8243; quote_line_height=\u00bb1.3em\u00bb header_font=\u00bb|700|||||||\u00bb header_2_font=\u00bb|700|||||||\u00bb header_3_font=\u00bb|700|||||||\u00bb header_3_text_color=\u00bb#000000&#8243; header_4_letter_spacing=\u00bb12px\u00bb header_5_font=\u00bb|300|||||||\u00bb header_5_text_color=\u00bb#bfbfbf\u00bb header_5_letter_spacing=\u00bb12px\u00bb header_6_font=\u00bb|700|||||||\u00bb header_6_letter_spacing=\u00bb12px\u00bb module_alignment=\u00bbleft\u00bb custom_margin=\u00bb||40px||false|false\u00bb quote_font_size_tablet=\u00bb\u00bb quote_font_size_phone=\u00bb\u00bb quote_font_size_last_edited=\u00bbon|desktop\u00bb saved_tabs=\u00bball\u00bb locked=\u00bboff\u00bb global_colors_info=\u00bb{}\u00bb]<\/p>\n<h3> Sesiones Privadas y Grupales <\/h3>\n<p>Profundiza tu pr\u00e1ctica con sesiones personalizadas uno a uno adaptadas a tus necesidades y objetivos espec\u00edficos. Nuestros instructores experimentados brindan orientaci\u00f3n enfocada, ya sea que est\u00e9s refinando posturas, explorando la meditaci\u00f3n o trabajando en t\u00e9cnicas espec\u00edficas. <\/p>\n<p>Tambi\u00e9n damos la bienvenida a clases privadas grupales para amigos, familias o grupos de retiro. These custom sessions create shared experiences that foster connection while accommodating your group&#8217;s preferences and skill level.[\/et_pb_text][et_pb_text disabled_on=\u00bbon|on|on\u00bb _builder_version=\u00bb4.27.4&#8243; _module_preset=\u00bbdefault\u00bb header_3_text_color=\u00bb#FFFFFF\u00bb background_color=\u00bb#4D4E20&#8243; custom_padding=\u00bb10px|15px||15px|false|true\u00bb disabled=\u00bbon\u00bb global_colors_info=\u00bb{}\u00bb]<\/p>\n<h3>Horario Mensual: Lunes Yoga: 8:00 am<\/h3>\n<p>[\/et_pb_text][et_pb_text quote_border_weight=\u00bb0px\u00bb quote_border_color=\u00bbrgba(0,0,0,0)\u00bb disabled_on=\u00bbon|on|on\u00bb _builder_version=\u00bb4.27.4&#8243; text_font=\u00bb||||||||\u00bb text_text_color=\u00bb#3E3E3E\u00bb text_font_size=\u00bb19px\u00bb link_font=\u00bb|100|||on|||#000000|\u00bb link_text_color=\u00bb#000000&#8243; quote_font=\u00bbCormorant Garamond|700|||||||\u00bb quote_text_color=\u00bb#bf9e77&#8243; quote_line_height=\u00bb1.3em\u00bb header_font=\u00bb|700|||||||\u00bb header_2_font=\u00bb|700|||||||\u00bb header_3_font=\u00bb|700|||||||\u00bb header_3_text_color=\u00bb#000000&#8243; header_4_letter_spacing=\u00bb12px\u00bb header_5_font=\u00bb|300|||||||\u00bb header_5_text_color=\u00bb#bfbfbf\u00bb header_5_letter_spacing=\u00bb12px\u00bb header_6_font=\u00bb|700|||||||\u00bb header_6_letter_spacing=\u00bb12px\u00bb module_alignment=\u00bbleft\u00bb custom_margin=\u00bb||40px||false|false\u00bb custom_padding=\u00bb30px|30px|30px|30px|true|true\u00bb quote_font_size_tablet=\u00bb\u00bb quote_font_size_phone=\u00bb\u00bb quote_font_size_last_edited=\u00bbon|desktop\u00bb border_width_all=\u00bb2px\u00bb border_color_all=\u00bb#4D4E20&#8243; disabled=\u00bbon\u00bb saved_tabs=\u00bball\u00bb locked=\u00bboff\u00bb global_colors_info=\u00bb{}\u00bb]<\/p>\n<p><strong>Lunes:<\/strong> Hatha Yoga w. Damian<br \/><strong>Mi\u00e9rcoles:<\/strong> High On Energy Vinyasa w. Tina<br \/><strong>Viernes:<\/strong> Vinyasa Yoga w. Damian<\/p>\n<p>[\/et_pb_text][et_pb_text _builder_version=\u00bb4.27.4&#8243; _module_preset=\u00bbdefault\u00bb global_colors_info=\u00bb{}\u00bb]<\/p>\n<p>\u00a1Reserve directamente a trav\u00e9s de nuestro motor de reservas y obtenga una clase de yoga de cortes\u00eda! <strong>$9 para residentes de Costa Rica<\/strong> | <strong>$15 para visitantes<\/strong><br \/>Ubicado detr\u00e1s de la iglesia de Montezuma, en el Hotel nYa<\/p>\n<p>*Aplican restricciones<\/p>\n<p>[\/et_pb_text][\/et_pb_column][\/et_pb_row][et_pb_row column_structure=\u00bb1_2,1_2&#8243; use_custom_gutter=\u00bbon\u00bb gutter_width=\u00bb1&#8243; make_equal=\u00bbon\u00bb padding_top_bottom_link_2=\u00bbtrue\u00bb padding_left_right_link_2=\u00bbtrue\u00bb module_class=\u00bb et_pb_row_fullwidth\u00bb _builder_version=\u00bb4.27.4&#8243; width=\u00bb100%\u00bb width_tablet=\u00bb100%\u00bb width_phone=\u00bb100%\u00bb width_last_edited=\u00bbon|desktop\u00bb max_width=\u00bb100%\u00bb max_width_tablet=\u00bb100%\u00bb max_width_phone=\u00bb100%\u00bb max_width_last_edited=\u00bbon|desktop\u00bb custom_padding=\u00bb0px||0px||true\u00bb make_fullwidth=\u00bbon\u00bb custom_width_px=\u00bb750px\u00bb locked=\u00bboff\u00bb global_colors_info=\u00bb{}\u00bb][et_pb_column type=\u00bb1_2&#8243; module_class=\u00bbcolumn2&#8243; _builder_version=\u00bb4.27.4&#8243; background_color=\u00bb#FFFFFF\u00bb custom_padding=\u00bb5%|5%|5%|5%\u00bb custom_padding_tablet=\u00bb5%|5%|5%|5%\u00bb custom_padding_phone=\u00bb10%|10%|10%|10%|true|true\u00bb custom_padding_last_edited=\u00bbon|phone\u00bb global_colors_info=\u00bb{}\u00bb padding_phone=\u00bb10%|10%|10%|10%|true|true\u00bb padding_last_edited=\u00bbon|phone\u00bb custom_padding__hover=\u00bb|||\u00bb][et_pb_text quote_border_weight=\u00bb0px\u00bb quote_border_color=\u00bbrgba(0,0,0,0)\u00bb _builder_version=\u00bb4.27.4&#8243; text_font=\u00bb||||||||\u00bb link_font=\u00bb|100|||on|||#000000|\u00bb link_text_color=\u00bb#000000&#8243; quote_font=\u00bbCormorant Garamond|700|||||||\u00bb quote_text_color=\u00bb#bf9e77&#8243; quote_line_height=\u00bb1.3em\u00bb header_font=\u00bb|700|||||||\u00bb header_2_font=\u00bb|700|||||||\u00bb header_3_font=\u00bb|700|||||||\u00bb header_3_text_color=\u00bb#000000&#8243; header_4_letter_spacing=\u00bb12px\u00bb header_5_font=\u00bb|300|||||||\u00bb header_5_text_color=\u00bb#bfbfbf\u00bb header_5_letter_spacing=\u00bb12px\u00bb header_6_font=\u00bb|700|||||||\u00bb header_6_letter_spacing=\u00bb12px\u00bb module_alignment=\u00bbleft\u00bb custom_margin=\u00bb||40px||false|false\u00bb quote_font_size_tablet=\u00bb\u00bb quote_font_size_phone=\u00bb\u00bb quote_font_size_last_edited=\u00bbon|desktop\u00bb saved_tabs=\u00bball\u00bb locked=\u00bboff\u00bb global_colors_info=\u00bb{}\u00bb]<\/p>\n<h3> Reserva tus Sesiones <\/h3>\n<p>Reserva tu lugar en clases diarias o programa sesiones privadas con anticipaci\u00f3n. Advanced booking ensures your preferred times and helps us maintain optimal class sizes for the best experience.[\/et_pb_text][et_pb_text quote_border_weight=\u00bb0px\u00bb quote_border_color=\u00bbrgba(0,0,0,0)\u00bb _builder_version=\u00bb4.27.4&#8243; text_font=\u00bb||||||||\u00bb link_font=\u00bb|100|||on|||#000000|\u00bb link_text_color=\u00bb#000000&#8243; quote_font=\u00bbCormorant Garamond|700|||||||\u00bb quote_text_color=\u00bb#bf9e77&#8243; quote_line_height=\u00bb1.3em\u00bb header_font=\u00bb|700|||||||\u00bb header_2_font=\u00bb|700|||||||\u00bb header_3_font=\u00bb|700|||||||\u00bb header_3_text_color=\u00bb#000000&#8243; header_4_letter_spacing=\u00bb12px\u00bb header_5_font=\u00bb|300|||||||\u00bb header_5_text_color=\u00bb#bfbfbf\u00bb header_5_letter_spacing=\u00bb12px\u00bb header_6_font=\u00bb|700|||||||\u00bb header_6_letter_spacing=\u00bb12px\u00bb module_alignment=\u00bbleft\u00bb custom_margin=\u00bb||40px||false|false\u00bb quote_font_size_tablet=\u00bb\u00bb quote_font_size_phone=\u00bb\u00bb quote_font_size_last_edited=\u00bbon|desktop\u00bb saved_tabs=\u00bball\u00bb locked=\u00bboff\u00bb global_colors_info=\u00bb{}\u00bb]<\/p>\n<h3> Bienvenida a Instructores <\/h3>\n<p>\u00bfEres un instructor de yoga certificado visitando Montezuma? Yu Wellness Studio da la bienvenida a maestros invitados para compartir su pr\u00e1ctica con nuestra comunidad. Cont\u00e1ctanos para discutir oportunidades de ense\u00f1anza durante tu estad\u00eda.[\/et_pb_text][et_pb_text quote_border_weight=\u00bb0px\u00bb quote_border_color=\u00bbrgba(0,0,0,0)\u00bb _builder_version=\u00bb4.27.4&#8243; text_font=\u00bb||||||||\u00bb link_font=\u00bb|100|||on|||#000000|\u00bb link_text_color=\u00bb#000000&#8243; quote_font=\u00bbCormorant Garamond|700|||||||\u00bb quote_text_color=\u00bb#bf9e77&#8243; quote_line_height=\u00bb1.3em\u00bb header_font=\u00bb|700|||||||\u00bb header_2_font=\u00bb|700|||||||\u00bb header_3_font=\u00bb|700|||||||\u00bb header_3_text_color=\u00bb#000000&#8243; header_4_letter_spacing=\u00bb12px\u00bb header_5_font=\u00bb|300|||||||\u00bb header_5_text_color=\u00bb#bfbfbf\u00bb header_5_letter_spacing=\u00bb12px\u00bb header_6_font=\u00bb|700|||||||\u00bb header_6_letter_spacing=\u00bb12px\u00bb module_alignment=\u00bbleft\u00bb custom_margin=\u00bb||40px||false|false\u00bb quote_font_size_tablet=\u00bb\u00bb quote_font_size_phone=\u00bb\u00bb quote_font_size_last_edited=\u00bbon|desktop\u00bb saved_tabs=\u00bball\u00bb locked=\u00bboff\u00bb global_colors_info=\u00bb{}\u00bb]<\/p>\n<h3> Contacta Yu Wellness <\/h3>\n<p>Comun\u00edcate para reservar tus sesiones, preguntar sobre clases privadas o discutir oportunidades de ense\u00f1anza. Esperamos darte la bienvenida a nuestra comunidad de yoga en el para\u00edso. [\/et_pb_text][\/et_pb_column][et_pb_column type=\u00bb1_2&#8243; module_class=\u00bbcolumn1&#8243; _builder_version=\u00bb4.27.4&#8243; background_image=\u00bbhttps:\/\/www.nyahotel.cr\/wp-content\/uploads\/2025\/07\/yu-wellness-3.jpg\u00bb custom_padding=\u00bb150px||150px||true|false\u00bb global_colors_info=\u00bb{}\u00bb custom_padding__hover=\u00bb|||\u00bb][et_pb_divider color=\u00bbrgba(0,0,0,0)\u00bb module_class=\u00bbdivider_spacer\u00bb _builder_version=\u00bb4.16&#8243; global_colors_info=\u00bb{}\u00bb][\/et_pb_divider][\/et_pb_column][\/et_pb_row][\/et_pb_section]<\/p>\n","protected":false},"excerpt":{"rendered":"<p>Encuentra tu equilibrio con clases diarias de yoga en Yu Wellness Studio, donde los sonidos de la selva y las brisas del oc\u00e9ano crean el ambiente perfecto para tu pr\u00e1ctica.Yoga at YU Wellness Yu Wellness Studio ofrece un santuario tranquilo dentro de los jardines tropicales del Hotel nYa, donde tu pr\u00e1ctica de yoga se convierte [&hellip;]<\/p>\n","protected":false},"author":1,"featured_media":101942,"parent":0,"menu_order":0,"comment_status":"closed","ping_status":"closed","template":"","meta":{"_et_pb_use_builder":"on","_et_pb_old_content":"","_et_gb_content_width":"","_joinchat":[],"footnotes":""},"class_list":["post-102005","page","type-page","status-publish","has-post-thumbnail","hentry"],"_links":{"self":[{"href":"https:\/\/www.nyahotel.cr\/es\/wp-json\/wp\/v2\/pages\/102005","targetHints":{"allow":["GET"]}}],"collection":[{"href":"https:\/\/www.nyahotel.cr\/es\/wp-json\/wp\/v2\/pages"}],"about":[{"href":"https:\/\/www.nyahotel.cr\/es\/wp-json\/wp\/v2\/types\/page"}],"author":[{"embeddable":true,"href":"https:\/\/www.nyahotel.cr\/es\/wp-json\/wp\/v2\/users\/1"}],"replies":[{"embeddable":true,"href":"https:\/\/www.nyahotel.cr\/es\/wp-json\/wp\/v2\/comments?post=102005"}],"version-history":[{"count":10,"href":"https:\/\/www.nyahotel.cr\/es\/wp-json\/wp\/v2\/pages\/102005\/revisions"}],"predecessor-version":[{"id":102992,"href":"https:\/\/www.nyahotel.cr\/es\/wp-json\/wp\/v2\/pages\/102005\/revisions\/102992"}],"wp:featuredmedia":[{"embeddable":true,"href":"https:\/\/www.nyahotel.cr\/es\/wp-json\/wp\/v2\/media\/101942"}],"wp:attachment":[{"href":"https:\/\/www.nyahotel.cr\/es\/wp-json\/wp\/v2\/media?parent=102005"}],"curies":[{"name":"wp","href":"https:\/\/api.w.org\/{rel}","templated":true}]}}