{"id":102008,"date":"2025-03-13T09:30:42","date_gmt":"2025-03-13T15:30:42","guid":{"rendered":"https:\/\/nyahotel.cr\/montezuma\/"},"modified":"2025-08-18T09:42:47","modified_gmt":"2025-08-18T15:42:47","slug":"montezuma","status":"publish","type":"page","link":"https:\/\/www.nyahotel.cr\/es\/montezuma\/","title":{"rendered":"Montezuma"},"content":{"rendered":"<p>[et_pb_section fb_built=\u00bb1&#8243; fullwidth=\u00bbon\u00bb admin_label=\u00bbHero 4&#8243; module_class=\u00bbsfly_hero \u00bb _builder_version=\u00bb4.27.4&#8243; background_color=\u00bb#000000&#8243; locked=\u00bboff\u00bb global_colors_info=\u00bb{}\u00bb][et_pb_fullwidth_header title=\u00bbMontezuma\u00bb header_fullscreen=\u00bbon\u00bb button_one_url=\u00bb#deluxe-balcony-king\u00bb button_two_url=\u00bbhttps:\/\/reservations.orbebooking.com\/Search\/Init\/kApjz\u00bb background_overlay_color=\u00bbrgba(0,0,0,0.25)\u00bb module_class=\u00bbsfly_fullwidth_header\u00bb _builder_version=\u00bb4.27.4&#8243; title_font=\u00bb||||||||\u00bb title_font_size=\u00bb60px\u00bb content_font=\u00bb||||||||\u00bb subhead_font=\u00bb||||||||\u00bb background_image=\u00bbhttps:\/\/nyahotel.cr\/wp-content\/uploads\/2025\/07\/montezuma-portada.jpg\u00bb parallax=\u00bbon\u00bb custom_button_two=\u00bbon\u00bb button_two_text_color=\u00bb#ffffff\u00bb button_two_bg_color=\u00bbrgba(0,0,0,0)\u00bb button_two_border_color=\u00bb#ffffff\u00bb button_two_font=\u00bb||||||||\u00bb button_two_use_icon=\u00bboff\u00bb animation_style=\u00bbfade\u00bb animation_duration=\u00bb1500ms\u00bb title_font_size_tablet=\u00bb48px\u00bb title_font_size_phone=\u00bb36px\u00bb title_font_size_last_edited=\u00bbon|desktop\u00bb custom_css_content=\u00bbmax-width: 600px;||margin-bottom: 15px;\u00bb button_one_text_color_hover=\u00bb#ffffff\u00bb button_two_text_color_hover=\u00bb#000000&#8243; button_one_border_color_hover=\u00bb#ffffff\u00bb button_two_border_color_hover=\u00bb#ffffff\u00bb button_one_bg_color_hover=\u00bbrgba(255,255,255,0)\u00bb button_two_bg_color_hover=\u00bb#ffffff\u00bb global_colors_info=\u00bb{}\u00bb button_one_text_size__hover_enabled=\u00bboff\u00bb button_two_text_size__hover_enabled=\u00bboff\u00bb button_one_text_color__hover_enabled=\u00bbon\u00bb button_one_text_color__hover=\u00bb#ffffff\u00bb button_two_text_color__hover_enabled=\u00bbon\u00bb button_two_text_color__hover=\u00bb#000000&#8243; button_one_border_width__hover_enabled=\u00bboff\u00bb button_two_border_width__hover_enabled=\u00bboff\u00bb button_one_border_color__hover_enabled=\u00bbon\u00bb button_one_border_color__hover=\u00bb#5ad8b0&#8243; button_two_border_color__hover_enabled=\u00bbon\u00bb button_two_border_color__hover=\u00bb#ffffff\u00bb button_one_border_radius__hover_enabled=\u00bboff\u00bb button_two_border_radius__hover_enabled=\u00bboff\u00bb button_one_letter_spacing__hover_enabled=\u00bboff\u00bb button_two_letter_spacing__hover_enabled=\u00bboff\u00bb button_one_bg_color__hover_enabled=\u00bbon\u00bb button_one_bg_color__hover=\u00bb#5ad8b0&#8243; button_two_bg_color__hover_enabled=\u00bbon\u00bb button_two_bg_color__hover=\u00bb#ffffff\u00bb]Descubre la magia de Montezuma, un encantador pueblo bohemio de playa donde la naturaleza pr\u00edstina se encuentra con la vibrante cultura en la punta de la Pen\u00ednsula de Nicoya de Costa Rica.\t[\/et_pb_fullwidth_header][\/et_pb_section][et_pb_section fb_built=\u00bb1&#8243; custom_padding_last_edited=\u00bbon|tablet\u00bb admin_label=\u00bbCTA 1&#8243; module_id=\u00bbdeluxe-balcony-king\u00bb module_class=\u00bbsfly_cta\u00bb _builder_version=\u00bb4.27.4&#8243; custom_padding=\u00bb|||\u00bb custom_padding_tablet=\u00bb|||\u00bb custom_padding_phone=\u00bb\u00bb locked=\u00bboff\u00bb global_colors_info=\u00bb{}\u00bb][et_pb_row column_structure=\u00bb3_5,2_5&#8243; _builder_version=\u00bb4.27.4&#8243; custom_padding=\u00bb|||\u00bb global_colors_info=\u00bb{}\u00bb][et_pb_column type=\u00bb3_5&#8243; _builder_version=\u00bb4.16&#8243; custom_padding=\u00bb|||\u00bb global_colors_info=\u00bb{}\u00bb custom_padding__hover=\u00bb|||\u00bb][et_pb_gallery gallery_ids=\u00bb101223,101222,101220,101218&#8243; fullwidth=\u00bbon\u00bb _builder_version=\u00bb4.27.4&#8243; _module_preset=\u00bbdefault\u00bb auto=\u00bbon\u00bb global_colors_info=\u00bb{}\u00bb][\/et_pb_gallery][\/et_pb_column][et_pb_column type=\u00bb2_5&#8243; _builder_version=\u00bb4.16&#8243; custom_padding=\u00bb|||\u00bb global_colors_info=\u00bb{}\u00bb custom_padding__hover=\u00bb|||\u00bb][et_pb_text _builder_version=\u00bb4.27.4&#8243; header_font=\u00bb||||||||\u00bb header_3_font=\u00bb||||||||\u00bb custom_margin=\u00bb||||false|false\u00bb custom_padding=\u00bb50px||||false|false\u00bb custom_padding_tablet=\u00bb||||false|false\u00bb custom_padding_phone=\u00bb||||false|false\u00bb custom_padding_last_edited=\u00bbon|desktop\u00bb global_colors_info=\u00bb{}\u00bb]<\/p>\n<h3>Sobre Montezuma<\/h3>\n<p>Ubicado entre colinas cubiertas de selva y el resplandeciente Oc\u00e9ano Pac\u00edfico, Montezuma es m\u00e1s que un destino: es un estilo de vida. Este peque\u00f1o pueblo costero ha evolucionado de una tranquila comunidad pesquera a uno de los retiros bohemios m\u00e1s queridos de Costa Rica, preservando cuidadosamente su car\u00e1cter aut\u00e9ntico y belleza natural. Aqu\u00ed, el tiempo se mueve de manera diferente, guiado por las mareas del oc\u00e9ano, las puestas de sol tropicales y el suave ritmo de vida del \u00abpura vida\u00bb.<\/p>\n<p>[\/et_pb_text][\/et_pb_column][\/et_pb_row][\/et_pb_section][et_pb_section fb_built=\u00bb1&#8243; admin_label=\u00bbGeneral 6&#8243; module_class=\u00bbsfly_general \u00bb _builder_version=\u00bb4.27.4&#8243; custom_padding=\u00bb0px||0px||true\u00bb hover_enabled=\u00bb0&#8243; locked=\u00bboff\u00bb global_colors_info=\u00bb{}\u00bb sticky_enabled=\u00bb0&#8243;][et_pb_row column_structure=\u00bb1_3,2_3&#8243; use_custom_gutter=\u00bbon\u00bb gutter_width=\u00bb1&#8243; make_equal=\u00bbon\u00bb padding_top_bottom_link_2=\u00bbtrue\u00bb padding_left_right_link_2=\u00bbtrue\u00bb module_class=\u00bb et_pb_row_fullwidth\u00bb _builder_version=\u00bb4.27.4&#8243; width=\u00bb100%\u00bb width_tablet=\u00bb100%\u00bb width_phone=\u00bb100%\u00bb width_last_edited=\u00bbon|desktop\u00bb max_width=\u00bb100%\u00bb max_width_tablet=\u00bb100%\u00bb max_width_phone=\u00bb100%\u00bb max_width_last_edited=\u00bbon|desktop\u00bb custom_padding=\u00bb0px||0px||true\u00bb make_fullwidth=\u00bbon\u00bb custom_width_px=\u00bb750px\u00bb global_colors_info=\u00bb{}\u00bb][et_pb_column type=\u00bb1_3&#8243; module_class=\u00bbcolumn1&#8243; _builder_version=\u00bb4.27.4&#8243; background_image=\u00bbhttps:\/\/nyahotel.cr\/wp-content\/uploads\/2025\/07\/about-montezuma-4.jpg\u00bb custom_padding=\u00bb|||\u00bb global_colors_info=\u00bb{}\u00bb custom_padding__hover=\u00bb|||\u00bb][et_pb_divider color=\u00bbrgba(0,0,0,0)\u00bb module_class=\u00bbdivider_spacer\u00bb _builder_version=\u00bb4.16&#8243; global_colors_info=\u00bb{}\u00bb][\/et_pb_divider][\/et_pb_column][et_pb_column type=\u00bb2_3&#8243; module_class=\u00bbcolumn2&#8243; _builder_version=\u00bb4.27.4&#8243; background_color=\u00bb#f2f2f2&#8243; background_enable_image=\u00bboff\u00bb custom_padding=\u00bb5%|5%|5%|5%\u00bb custom_padding_tablet=\u00bb5%|5%|5%|5%\u00bb custom_padding_phone=\u00bb10%|10%|10%|10%|true|true\u00bb custom_padding_last_edited=\u00bbon|phone\u00bb global_colors_info=\u00bb{}\u00bb padding_phone=\u00bb10%|10%|10%|10%|true|true\u00bb padding_last_edited=\u00bbon|phone\u00bb custom_padding__hover=\u00bb|||\u00bb][et_pb_text _builder_version=\u00bb4.27.4&#8243; header_font=\u00bb||||||||\u00bb header_3_font=\u00bb||||||||\u00bb custom_margin=\u00bb||||false|false\u00bb custom_padding=\u00bb||||false|false\u00bb custom_padding_tablet=\u00bb||||false|false\u00bb custom_padding_phone=\u00bb||||false|false\u00bb custom_padding_last_edited=\u00bbon|desktop\u00bb locked=\u00bboff\u00bb global_colors_info=\u00bb{}\u00bb]<\/p>\n<h3>Un Para\u00edso Bohemio<\/h3>\n<p>Montezuma es un peque\u00f1o pueblo pesquero convertido en refugio bohemio, atrayendo a viajeros de esp\u00edritu libre, artistas y amantes de la naturaleza de todo el mundo. Este relajado pueblo costero mantiene su aut\u00e9ntico encanto costarricense mientras acoge a una comunidad internacional de creativos que lo han hecho su hogar.<\/p>\n<h3>Belleza Natural<\/h3>\n<p>Situado en la punta sur de la Pen\u00ednsula de Nicoya, Montezuma est\u00e1 bendecido con playas pr\u00edstinas, exuberantes bosques tropicales y cascadas. El pueblo sirve como puerta de entrada a la Reserva Natural Cabo Blanco, el primer parque nacional de Costa Rica, y se encuentra dentro del protegido Refugio Nacional de Vida Silvestre Romelia.<\/p>\n<h3>Cultura y Artes<\/h3>\n<p>Murales coloridos adornan las paredes de los edificios en todo el pueblo, mientras artistas locales e internacionales exhiben su trabajo en galer\u00edas y mercados semanales. La m\u00fasica en vivo fluye desde bares a la orilla del mar, creando una banda sonora de ritmos reggae, folk y latinos. El esp\u00edritu bohemio del pueblo cobra vida a trav\u00e9s de talleres de arte, intercambios culturales y reuniones creativas espont\u00e1neas.<\/p>\n<p>&nbsp;<\/p>\n<p>[\/et_pb_text][\/et_pb_column][\/et_pb_row][et_pb_row column_structure=\u00bb2_3,1_3&#8243; use_custom_gutter=\u00bbon\u00bb gutter_width=\u00bb1&#8243; make_equal=\u00bbon\u00bb padding_top_bottom_link_2=\u00bbtrue\u00bb padding_left_right_link_2=\u00bbtrue\u00bb module_class=\u00bb et_pb_row_fullwidth\u00bb _builder_version=\u00bb4.27.4&#8243; width=\u00bb100%\u00bb width_tablet=\u00bb100%\u00bb width_phone=\u00bb100%\u00bb width_last_edited=\u00bbon|desktop\u00bb max_width=\u00bb100%\u00bb max_width_tablet=\u00bb100%\u00bb max_width_phone=\u00bb100%\u00bb max_width_last_edited=\u00bbon|desktop\u00bb custom_padding=\u00bb0px||0px||true\u00bb hover_enabled=\u00bb0&#8243; make_fullwidth=\u00bbon\u00bb custom_width_px=\u00bb750px\u00bb global_colors_info=\u00bb{}\u00bb sticky_enabled=\u00bb0&#8243;][et_pb_column type=\u00bb2_3&#8243; module_class=\u00bbcolumn2&#8243; _builder_version=\u00bb4.27.4&#8243; background_color=\u00bb#FFFFFF\u00bb background_enable_image=\u00bboff\u00bb custom_padding=\u00bb5%|5%|5%|5%\u00bb custom_padding_tablet=\u00bb5%|5%|5%|5%\u00bb custom_padding_phone=\u00bb10%|10%|10%|10%|true|true\u00bb custom_padding_last_edited=\u00bbon|phone\u00bb global_colors_info=\u00bb{}\u00bb padding_phone=\u00bb10%|10%|10%|10%|true|true\u00bb padding_last_edited=\u00bbon|phone\u00bb custom_padding__hover=\u00bb|||\u00bb][et_pb_text _builder_version=\u00bb4.27.4&#8243; header_font=\u00bb||||||||\u00bb header_3_font=\u00bb||||||||\u00bb custom_margin=\u00bb||||false|false\u00bb custom_padding=\u00bb||||false|false\u00bb custom_padding_tablet=\u00bb||||false|false\u00bb custom_padding_phone=\u00bb||||false|false\u00bb custom_padding_last_edited=\u00bbon|desktop\u00bb locked=\u00bboff\u00bb global_colors_info=\u00bb{}\u00bb]<\/p>\n<h3>Vida Local<\/h3>\n<p>Barcos de pesca tradicionales a\u00fan salpican la costa, mientras familias locales manejan peque\u00f1as sodas (restaurantes) que ofrecen mariscos frescos y cocina tradicional costarricense. El ritmo de vida aqu\u00ed se mueve con las mareas, sin prisa y conectado a los ritmos de la naturaleza.<\/p>\n<h3>Conservaci\u00f3n y Comunidad<\/h3>\n<p>Montezuma se enorgullece de su conciencia ambiental, con muchas empresas apoyando los esfuerzos de conservaci\u00f3n local. La comunidad protege activamente los sitios de anidaci\u00f3n de tortugas marinas, mantiene playas limpias y promueve pr\u00e1cticas de turismo sostenible que preservan este lugar especial para las futuras generaciones.<\/p>\n<h3>El Centro Perfecto<\/h3>\n<p>Desde Montezuma, explora playas pr\u00edstinas, camina a cascadas, surfea olas constantes o simplemente abraza el estilo de vida \u00abpura vida\u00bb que hace famoso a Costa Rica. Ya sea buscando aventura o tranquilidad, este pueblo m\u00e1gico ofrece la combinaci\u00f3n perfecta de belleza natural y riqueza cultural.<\/p>\n<p>[\/et_pb_text][\/et_pb_column][et_pb_column type=\u00bb1_3&#8243; module_class=\u00bbcolumn1&#8243; _builder_version=\u00bb4.27.4&#8243; background_image=\u00bbhttps:\/\/nyahotel.cr\/wp-content\/uploads\/2025\/07\/about-montezuma-2.jpg\u00bb custom_padding=\u00bb|||\u00bb global_colors_info=\u00bb{}\u00bb custom_padding__hover=\u00bb|||\u00bb][et_pb_divider color=\u00bbrgba(0,0,0,0)\u00bb module_class=\u00bbdivider_spacer\u00bb _builder_version=\u00bb4.16&#8243; global_colors_info=\u00bb{}\u00bb][\/et_pb_divider][\/et_pb_column][\/et_pb_row][\/et_pb_section]<\/p>\n","protected":false},"excerpt":{"rendered":"<p>Descubre la magia de Montezuma, un encantador pueblo bohemio de playa donde la naturaleza pr\u00edstina se encuentra con la vibrante cultura en la punta de la Pen\u00ednsula de Nicoya de Costa Rica. Sobre Montezuma Ubicado entre colinas cubiertas de selva y el resplandeciente Oc\u00e9ano Pac\u00edfico, Montezuma es m\u00e1s que un destino: es un estilo de [&hellip;]<\/p>\n","protected":false},"author":1,"featured_media":101844,"parent":0,"menu_order":0,"comment_status":"closed","ping_status":"closed","template":"","meta":{"_et_pb_use_builder":"on","_et_pb_old_content":"","_et_gb_content_width":"","_joinchat":[],"footnotes":""},"class_list":["post-102008","page","type-page","status-publish","has-post-thumbnail","hentry"],"_links":{"self":[{"href":"https:\/\/www.nyahotel.cr\/es\/wp-json\/wp\/v2\/pages\/102008","targetHints":{"allow":["GET"]}}],"collection":[{"href":"https:\/\/www.nyahotel.cr\/es\/wp-json\/wp\/v2\/pages"}],"about":[{"href":"https:\/\/www.nyahotel.cr\/es\/wp-json\/wp\/v2\/types\/page"}],"author":[{"embeddable":true,"href":"https:\/\/www.nyahotel.cr\/es\/wp-json\/wp\/v2\/users\/1"}],"replies":[{"embeddable":true,"href":"https:\/\/www.nyahotel.cr\/es\/wp-json\/wp\/v2\/comments?post=102008"}],"version-history":[{"count":0,"href":"https:\/\/www.nyahotel.cr\/es\/wp-json\/wp\/v2\/pages\/102008\/revisions"}],"wp:featuredmedia":[{"embeddable":true,"href":"https:\/\/www.nyahotel.cr\/es\/wp-json\/wp\/v2\/media\/101844"}],"wp:attachment":[{"href":"https:\/\/www.nyahotel.cr\/es\/wp-json\/wp\/v2\/media?parent=102008"}],"curies":[{"name":"wp","href":"https:\/\/api.w.org\/{rel}","templated":true}]}}