{"id":102011,"date":"2025-07-14T17:46:00","date_gmt":"2025-07-14T23:46:00","guid":{"rendered":"https:\/\/nyahotel.cr\/como-llegar\/"},"modified":"2025-08-18T09:49:04","modified_gmt":"2025-08-18T15:49:04","slug":"como-llegar","status":"publish","type":"page","link":"https:\/\/www.nyahotel.cr\/es\/como-llegar\/","title":{"rendered":"C\u00f3mo Llegar"},"content":{"rendered":"<p>[et_pb_section fb_built=\u00bb1&#8243; fullwidth=\u00bbon\u00bb admin_label=\u00bbHero 4&#8243; module_class=\u00bbsfly_hero \u00bb _builder_version=\u00bb4.27.4&#8243; background_color=\u00bb#000000&#8243; locked=\u00bboff\u00bb global_colors_info=\u00bb{}\u00bb][et_pb_fullwidth_header title=\u00bbC\u00f3mo Llegar\u00bb header_fullscreen=\u00bbon\u00bb button_one_url=\u00bb#deluxe-balcony-king\u00bb button_two_url=\u00bbhttps:\/\/reservations.orbebooking.com\/Search\/Init\/kApjz\u00bb background_overlay_color=\u00bbrgba(0,0,0,0.25)\u00bb module_class=\u00bbsfly_fullwidth_header\u00bb _builder_version=\u00bb4.27.4&#8243; title_font=\u00bb||||||||\u00bb title_font_size=\u00bb60px\u00bb content_font=\u00bb||||||||\u00bb subhead_font=\u00bb||||||||\u00bb background_image=\u00bbhttps:\/\/nyahotel.cr\/wp-content\/uploads\/2025\/07\/howtogetthere-1.jpg\u00bb parallax=\u00bbon\u00bb custom_button_two=\u00bbon\u00bb button_two_text_color=\u00bb#ffffff\u00bb button_two_bg_color=\u00bbrgba(0,0,0,0)\u00bb button_two_border_color=\u00bb#ffffff\u00bb button_two_font=\u00bb||||||||\u00bb button_two_use_icon=\u00bboff\u00bb animation_style=\u00bbfade\u00bb animation_duration=\u00bb1500ms\u00bb title_font_size_tablet=\u00bb48px\u00bb title_font_size_phone=\u00bb36px\u00bb title_font_size_last_edited=\u00bbon|desktop\u00bb custom_css_content=\u00bbmax-width: 600px;||margin-bottom: 15px;\u00bb button_one_text_color_hover=\u00bb#ffffff\u00bb button_two_text_color_hover=\u00bb#000000&#8243; button_one_border_color_hover=\u00bb#ffffff\u00bb button_two_border_color_hover=\u00bb#ffffff\u00bb button_one_bg_color_hover=\u00bbrgba(255,255,255,0)\u00bb button_two_bg_color_hover=\u00bb#ffffff\u00bb global_colors_info=\u00bb{}\u00bb button_one_text_size__hover_enabled=\u00bboff\u00bb button_two_text_size__hover_enabled=\u00bboff\u00bb button_one_text_color__hover_enabled=\u00bbon\u00bb button_one_text_color__hover=\u00bb#ffffff\u00bb button_two_text_color__hover_enabled=\u00bbon\u00bb button_two_text_color__hover=\u00bb#000000&#8243; button_one_border_width__hover_enabled=\u00bboff\u00bb button_two_border_width__hover_enabled=\u00bboff\u00bb button_one_border_color__hover_enabled=\u00bbon\u00bb button_one_border_color__hover=\u00bb#5ad8b0&#8243; button_two_border_color__hover_enabled=\u00bbon\u00bb button_two_border_color__hover=\u00bb#ffffff\u00bb button_one_border_radius__hover_enabled=\u00bboff\u00bb button_two_border_radius__hover_enabled=\u00bboff\u00bb button_one_letter_spacing__hover_enabled=\u00bboff\u00bb button_two_letter_spacing__hover_enabled=\u00bboff\u00bb button_one_bg_color__hover_enabled=\u00bbon\u00bb button_one_bg_color__hover=\u00bb#5ad8b0&#8243; button_two_bg_color__hover_enabled=\u00bbon\u00bb button_two_bg_color__hover=\u00bb#ffffff\u00bb]<\/p>\n<p>Llega a Montezuma r\u00e1pida y c\u00f3modamente con m\u00faltiples opciones de vuelo que maximizan tu tiempo de vacaciones mientras minimizan el estr\u00e9s del viaje. <\/p>\n<p>[\/et_pb_fullwidth_header][\/et_pb_section][et_pb_section fb_built=\u00bb1&#8243; custom_padding_last_edited=\u00bbon|tablet\u00bb admin_label=\u00bbCTA 1&#8243; module_id=\u00bbdeluxe-balcony-king\u00bb module_class=\u00bbsfly_cta\u00bb _builder_version=\u00bb4.27.4&#8243; custom_padding=\u00bb|||\u00bb custom_padding_tablet=\u00bb|||\u00bb custom_padding_phone=\u00bb\u00bb locked=\u00bboff\u00bb global_colors_info=\u00bb{}\u00bb][et_pb_row _builder_version=\u00bb4.27.4&#8243; custom_padding=\u00bb|||\u00bb global_colors_info=\u00bb{}\u00bb][et_pb_column type=\u00bb4_4&#8243; _builder_version=\u00bb4.16&#8243; custom_padding=\u00bb|||\u00bb global_colors_info=\u00bb{}\u00bb custom_padding__hover=\u00bb|||\u00bb][et_pb_text _builder_version=\u00bb4.27.4&#8243; header_font=\u00bb||||||||\u00bb header_3_font=\u00bb||||||||\u00bb custom_margin=\u00bb||||false|false\u00bb custom_padding=\u00bb50px||||false|false\u00bb custom_padding_tablet=\u00bb||||false|false\u00bb custom_padding_phone=\u00bb||||false|false\u00bb custom_padding_last_edited=\u00bbon|desktop\u00bb global_colors_info=\u00bb{}\u00bb]<\/p>\n<h3>C\u00f3mo Llegar<\/h3>\n<p>Llegar al Hotel nYa en Montezuma es m\u00e1s f\u00e1cil de lo que piensas, con opciones de vuelo convenientes que te ahorran horas de viaje. Evita el largo y desafiante trayecto en coche y llega fresco y listo para disfrutar de tus vacaciones desde el momento en que aterrizas.[\/et_pb_text][\/et_pb_column][\/et_pb_row][\/et_pb_section][et_pb_section fb_built=\u00bb1&#8243; admin_label=\u00bbGeneral 6&#8243; module_class=\u00bbsfly_general \u00bb _builder_version=\u00bb4.27.4&#8243; custom_padding=\u00bb0px||0px||true\u00bb locked=\u00bboff\u00bb global_colors_info=\u00bb{}\u00bb][et_pb_row column_structure=\u00bb1_3,2_3&#8243; use_custom_gutter=\u00bbon\u00bb gutter_width=\u00bb1&#8243; make_equal=\u00bbon\u00bb padding_top_bottom_link_2=\u00bbtrue\u00bb padding_left_right_link_2=\u00bbtrue\u00bb module_class=\u00bb et_pb_row_fullwidth\u00bb _builder_version=\u00bb4.27.4&#8243; width=\u00bb100%\u00bb width_tablet=\u00bb100%\u00bb width_phone=\u00bb100%\u00bb width_last_edited=\u00bbon|desktop\u00bb max_width=\u00bb100%\u00bb max_width_tablet=\u00bb100%\u00bb max_width_phone=\u00bb100%\u00bb max_width_last_edited=\u00bbon|desktop\u00bb custom_padding=\u00bb0px||0px||true\u00bb make_fullwidth=\u00bbon\u00bb custom_width_px=\u00bb750px\u00bb global_colors_info=\u00bb{}\u00bb][et_pb_column type=\u00bb1_3&#8243; module_class=\u00bbcolumn1&#8243; _builder_version=\u00bb4.27.4&#8243; background_image=\u00bbhttps:\/\/nyahotel.cr\/wp-content\/uploads\/2025\/07\/howtogetthere-1.jpg\u00bb custom_padding=\u00bb|||\u00bb global_colors_info=\u00bb{}\u00bb custom_padding__hover=\u00bb|||\u00bb][et_pb_divider color=\u00bbrgba(0,0,0,0)\u00bb module_class=\u00bbdivider_spacer\u00bb _builder_version=\u00bb4.16&#8243; global_colors_info=\u00bb{}\u00bb][\/et_pb_divider][\/et_pb_column][et_pb_column type=\u00bb2_3&#8243; module_class=\u00bbcolumn2&#8243; _builder_version=\u00bb4.27.4&#8243; background_color=\u00bb#f2f2f2&#8243; background_enable_image=\u00bboff\u00bb custom_padding=\u00bb5%|5%|5%|5%\u00bb custom_padding_tablet=\u00bb5%|5%|5%|5%\u00bb custom_padding_phone=\u00bb10%|10%|10%|10%|true|true\u00bb custom_padding_last_edited=\u00bbon|phone\u00bb global_colors_info=\u00bb{}\u00bb padding_phone=\u00bb10%|10%|10%|10%|true|true\u00bb padding_last_edited=\u00bbon|phone\u00bb custom_padding__hover=\u00bb|||\u00bb][et_pb_text _builder_version=\u00bb4.27.4&#8243; header_font=\u00bb||||||||\u00bb header_3_font=\u00bb||||||||\u00bb custom_margin=\u00bb||40px||false|false\u00bb custom_padding=\u00bb||||false|false\u00bb custom_padding_tablet=\u00bb||||false|false\u00bb custom_padding_phone=\u00bb||||false|false\u00bb custom_padding_last_edited=\u00bbon|desktop\u00bb locked=\u00bboff\u00bb global_colors_info=\u00bb{}\u00bb]<\/p>\n<h2>Por Qu\u00e9 Volar a Montezuma<\/h2>\n<p>[\/et_pb_text][et_pb_text _builder_version=\u00bb4.27.4&#8243; header_font=\u00bb||||||||\u00bb header_3_font=\u00bb||||||||\u00bb custom_margin=\u00bb||||false|false\u00bb custom_padding=\u00bb||||false|false\u00bb custom_padding_tablet=\u00bb||||false|false\u00bb custom_padding_phone=\u00bb||||false|false\u00bb custom_padding_last_edited=\u00bbon|desktop\u00bb locked=\u00bboff\u00bb global_colors_info=\u00bb{}\u00bb]<\/p>\n<h3>Ahorra Tiempo Valioso de Vacaciones<\/h3>\n<p>Cuando est\u00e1s de vacaciones, cada momento cuenta. Volar a Montezuma toma solo 30-40 minutos en comparaci\u00f3n con 3-4 horas de manejo, d\u00e1ndote m\u00e1s tiempo para disfrutar de las playas, la vida silvestre y las experiencias que te trajeron aqu\u00ed.<\/p>\n<h3>Evita los Desaf\u00edos de las Carreteras<\/h3>\n<p>Las carreteras de Costa Rica enfrentan constantes desaf\u00edos debido al clima tropical: lluvias intensas, altas temperaturas e inundaciones frecuentes crean baches y condiciones de manejo dif\u00edciles. Incluso las carreteras principales pueden ser lentas debido al tr\u00e1fico pesado de camiones y el terreno desafiante.<\/p>\n<h3>Navega con Facilidad<\/h3>\n<p>Las \u00e1reas rurales de Costa Rica tienen se\u00f1alizaci\u00f3n limitada, lo que hace que la navegaci\u00f3n sea un desaf\u00edo para los visitantes. Perderse cuesta tiempo valioso de vacaciones y crea un estr\u00e9s innecesario cuando podr\u00edas estar relaj\u00e1ndote en el Hotel nYa.<\/p>\n<h3>Viaja Seguro<\/h3>\n<p>Volar elimina preocupaciones sobre deslizamientos de tierra, inundaciones y carreteras monta\u00f1osas desafiantes, especialmente durante la temporada de lluvias. Aviones modernos y pilotos experimentados garantizan un viaje seguro y c\u00f3modo en todas las condiciones clim\u00e1ticas.<\/p>\n<p>[\/et_pb_text][\/et_pb_column][\/et_pb_row][et_pb_row _builder_version=\u00bb4.27.4&#8243; _module_preset=\u00bbdefault\u00bb hover_enabled=\u00bb0&#8243; global_colors_info=\u00bb{}\u00bb custom_margin=\u00bb||0px||false|false\u00bb custom_padding=\u00bb||0px||false|false\u00bb sticky_enabled=\u00bb0&#8243;][et_pb_column type=\u00bb4_4&#8243; _builder_version=\u00bb4.27.4&#8243; _module_preset=\u00bbdefault\u00bb global_colors_info=\u00bb{}\u00bb][et_pb_text _builder_version=\u00bb4.27.4&#8243; header_font=\u00bb||||||||\u00bb header_3_font=\u00bb||||||||\u00bb custom_margin=\u00bb||||false|false\u00bb custom_padding=\u00bb||||false|false\u00bb custom_padding_tablet=\u00bb||||false|false\u00bb custom_padding_phone=\u00bb||||false|false\u00bb custom_padding_last_edited=\u00bbon|desktop\u00bb locked=\u00bboff\u00bb global_colors_info=\u00bb{}\u00bb]<\/p>\n<h2>Opciones de Vuelo<\/h2>\n<p>[\/et_pb_text][\/et_pb_column][\/et_pb_row][et_pb_row column_structure=\u00bb1_3,1_3,1_3&#8243; use_custom_gutter=\u00bbon\u00bb gutter_width=\u00bb2&#8243; make_equal=\u00bbon\u00bb _builder_version=\u00bb4.27.4&#8243; _module_preset=\u00bbdefault\u00bb global_colors_info=\u00bb{}\u00bb][et_pb_column type=\u00bb1_3&#8243; _builder_version=\u00bb4.27.4&#8243; _module_preset=\u00bbdefault\u00bb custom_padding=\u00bb30px|30px|30px|30px|true|true\u00bb border_width_all=\u00bb2px\u00bb border_color_all=\u00bb#4D4E20&#8243; global_colors_info=\u00bb{}\u00bb][et_pb_text _builder_version=\u00bb4.27.4&#8243; header_font=\u00bb||||||||\u00bb header_3_font=\u00bb||||||||\u00bb custom_margin=\u00bb||||false|false\u00bb custom_padding=\u00bb||||false|false\u00bb custom_padding_tablet=\u00bb||||false|false\u00bb custom_padding_phone=\u00bb||||false|false\u00bb custom_padding_last_edited=\u00bbon|desktop\u00bb locked=\u00bboff\u00bb global_colors_info=\u00bb{}\u00bb]<\/p>\n<h3>Sansa Airlines<\/h3>\n<p>Vuelos regulares programados desde San Jos\u00e9 (SJO) al Aeropuerto de C\u00f3bano operan varias veces al d\u00eda. El vuelo de 35 minutos ofrece impresionantes vistas a\u00e9reas de la costa del Pac\u00edfico y la Pen\u00ednsula de Nicoya. El transporte terrestre desde C\u00f3bano al Hotel nYa toma solo 15 minutos. <\/p>\n<p>[\/et_pb_text][\/et_pb_column][et_pb_column type=\u00bb1_3&#8243; _builder_version=\u00bb4.27.4&#8243; _module_preset=\u00bbdefault\u00bb custom_padding=\u00bb30px|30px|30px|30px|true|true\u00bb border_width_all=\u00bb2px\u00bb border_color_all=\u00bb#4D4E20&#8243; global_colors_info=\u00bb{}\u00bb][et_pb_text _builder_version=\u00bb4.27.4&#8243; header_font=\u00bb||||||||\u00bb header_3_font=\u00bb||||||||\u00bb custom_margin=\u00bb||||false|false\u00bb custom_padding=\u00bb||||false|false\u00bb custom_padding_tablet=\u00bb||||false|false\u00bb custom_padding_phone=\u00bb||||false|false\u00bb custom_padding_last_edited=\u00bbon|desktop\u00bb locked=\u00bboff\u00bb global_colors_info=\u00bb{}\u00bb]<\/p>\n<h3>Costa Rica Green Airways<\/h3>\n<p>Seis vuelos diarios desde San Jos\u00e9 al Aeropuerto de C\u00f3bano brindan excelente flexibilidad de horarios para tus planes de viaje. Estas salidas frecuentes facilitan coordinar tus tiempos de llegada y salida con tu agenda de vacaciones. <\/p>\n<p>[\/et_pb_text][\/et_pb_column][et_pb_column type=\u00bb1_3&#8243; _builder_version=\u00bb4.27.4&#8243; _module_preset=\u00bbdefault\u00bb custom_padding=\u00bb30px|30px|30px|30px|true|true\u00bb border_width_all=\u00bb2px\u00bb border_color_all=\u00bb#4D4E20&#8243; global_colors_info=\u00bb{}\u00bb][et_pb_text _builder_version=\u00bb4.27.4&#8243; header_font=\u00bb||||||||\u00bb header_3_font=\u00bb||||||||\u00bb custom_margin=\u00bb||||false|false\u00bb custom_padding=\u00bb||||false|false\u00bb custom_padding_tablet=\u00bb||||false|false\u00bb custom_padding_phone=\u00bb||||false|false\u00bb custom_padding_last_edited=\u00bbon|desktop\u00bb locked=\u00bboff\u00bb global_colors_info=\u00bb{}\u00bb]<\/p>\n<h3>Vuelos Ch\u00e1rter<\/h3>\n<p><span>Los vuelos ch\u00e1rter privados ofrecen la m\u00e1xima flexibilidad con horarios de salida personalizados y servicio directo al Aeropuerto de C\u00f3bano. Perfecto para grupos o viajeros con necesidades espec\u00edficas de horario.<\/span><\/p>\n<p>[\/et_pb_text][\/et_pb_column][\/et_pb_row][et_pb_row column_structure=\u00bb2_3,1_3&#8243; use_custom_gutter=\u00bbon\u00bb gutter_width=\u00bb1&#8243; make_equal=\u00bbon\u00bb padding_top_bottom_link_2=\u00bbtrue\u00bb padding_left_right_link_2=\u00bbtrue\u00bb module_class=\u00bb et_pb_row_fullwidth\u00bb _builder_version=\u00bb4.27.4&#8243; width=\u00bb100%\u00bb width_tablet=\u00bb100%\u00bb width_phone=\u00bb100%\u00bb width_last_edited=\u00bbon|desktop\u00bb max_width=\u00bb100%\u00bb max_width_tablet=\u00bb100%\u00bb max_width_phone=\u00bb100%\u00bb max_width_last_edited=\u00bbon|desktop\u00bb custom_padding=\u00bb0px||0px||true\u00bb make_fullwidth=\u00bbon\u00bb custom_width_px=\u00bb750px\u00bb global_colors_info=\u00bb{}\u00bb][et_pb_column type=\u00bb2_3&#8243; module_class=\u00bbcolumn2&#8243; _builder_version=\u00bb4.27.4&#8243; background_color=\u00bb#f2f2f2&#8243; background_enable_image=\u00bboff\u00bb custom_padding=\u00bb5%|5%|5%|5%\u00bb custom_padding_tablet=\u00bb5%|5%|5%|5%\u00bb custom_padding_phone=\u00bb10%|10%|10%|10%|true|true\u00bb custom_padding_last_edited=\u00bbon|phone\u00bb global_colors_info=\u00bb{}\u00bb padding_phone=\u00bb10%|10%|10%|10%|true|true\u00bb padding_last_edited=\u00bbon|phone\u00bb custom_padding__hover=\u00bb|||\u00bb][et_pb_text _builder_version=\u00bb4.27.4&#8243; header_font=\u00bb||||||||\u00bb header_3_font=\u00bb||||||||\u00bb custom_margin=\u00bb||||false|false\u00bb custom_padding=\u00bb||||false|false\u00bb custom_padding_tablet=\u00bb||||false|false\u00bb custom_padding_phone=\u00bb||||false|false\u00bb custom_padding_last_edited=\u00bbon|desktop\u00bb locked=\u00bboff\u00bb global_colors_info=\u00bb{}\u00bb]<\/p>\n<h3>Transporte Terrestre<\/h3>\n<p>El Hotel nYa puede organizar traslados desde el Aeropuerto de C\u00f3bano. Tambi\u00e9n hay disponibles traslados privados y alquiler de autos en el aeropuerto para el pintoresco trayecto de 15 minutos a Montezuma.<\/p>\n<p><strong>Comparaci\u00f3n de Tiempo de Viaje Desde San Jos\u00e9 (SJO):<\/strong><\/p>\n<ul>\n<li> Conduciendo: 4 horas 45 minutos<\/li>\n<li>Volando a C\u00f3bano: 50 minutos en total (25 min de vuelo + 25 min de traslado)<\/li>\n<li>Tiempo Ahorrado: \u00a1Casi 4 horas m\u00e1s para vacaciones!<\/li>\n<\/ul>\n<p><strong>Desde Liberia (LIR):<\/strong><\/p>\n<ul>\n<li>Conduciendo: 3 horas 45 minutos<\/li>\n<li>Volando a C\u00f3bano: 50 minutos en total (25 min de vuelo + 25 min de traslado)<\/li>\n<li>Tiempo Ahorrado: \u00a1M\u00e1s de 3 horas m\u00e1s para vacaciones!<\/li>\n<\/ul>\n<p>[\/et_pb_text][\/et_pb_column][et_pb_column type=\u00bb1_3&#8243; module_class=\u00bbcolumn1&#8243; _builder_version=\u00bb4.27.4&#8243; background_image=\u00bbhttps:\/\/nyahotel.cr\/wp-content\/uploads\/2025\/07\/howtogetthere.jpg\u00bb custom_padding=\u00bb|||\u00bb global_colors_info=\u00bb{}\u00bb custom_padding__hover=\u00bb|||\u00bb][et_pb_divider color=\u00bbrgba(0,0,0,0)\u00bb module_class=\u00bbdivider_spacer\u00bb _builder_version=\u00bb4.16&#8243; global_colors_info=\u00bb{}\u00bb][\/et_pb_divider][\/et_pb_column][\/et_pb_row][\/et_pb_section]<\/p>\n","protected":false},"excerpt":{"rendered":"<p>Llega a Montezuma r\u00e1pida y c\u00f3modamente con m\u00faltiples opciones de vuelo que maximizan tu tiempo de vacaciones mientras minimizan el estr\u00e9s del viaje. C\u00f3mo Llegar Llegar al Hotel nYa en Montezuma es m\u00e1s f\u00e1cil de lo que piensas, con opciones de vuelo convenientes que te ahorran horas de viaje. Evita el largo y desafiante trayecto [&hellip;]<\/p>\n","protected":false},"author":1,"featured_media":101955,"parent":0,"menu_order":0,"comment_status":"closed","ping_status":"closed","template":"","meta":{"_et_pb_use_builder":"on","_et_pb_old_content":"","_et_gb_content_width":"","_joinchat":[],"footnotes":""},"class_list":["post-102011","page","type-page","status-publish","has-post-thumbnail","hentry"],"_links":{"self":[{"href":"https:\/\/www.nyahotel.cr\/es\/wp-json\/wp\/v2\/pages\/102011","targetHints":{"allow":["GET"]}}],"collection":[{"href":"https:\/\/www.nyahotel.cr\/es\/wp-json\/wp\/v2\/pages"}],"about":[{"href":"https:\/\/www.nyahotel.cr\/es\/wp-json\/wp\/v2\/types\/page"}],"author":[{"embeddable":true,"href":"https:\/\/www.nyahotel.cr\/es\/wp-json\/wp\/v2\/users\/1"}],"replies":[{"embeddable":true,"href":"https:\/\/www.nyahotel.cr\/es\/wp-json\/wp\/v2\/comments?post=102011"}],"version-history":[{"count":0,"href":"https:\/\/www.nyahotel.cr\/es\/wp-json\/wp\/v2\/pages\/102011\/revisions"}],"wp:featuredmedia":[{"embeddable":true,"href":"https:\/\/www.nyahotel.cr\/es\/wp-json\/wp\/v2\/media\/101955"}],"wp:attachment":[{"href":"https:\/\/www.nyahotel.cr\/es\/wp-json\/wp\/v2\/media?parent=102011"}],"curies":[{"name":"wp","href":"https:\/\/api.w.org\/{rel}","templated":true}]}}