{"id":102014,"date":"2025-07-15T09:14:28","date_gmt":"2025-07-15T15:14:28","guid":{"rendered":"https:\/\/nyahotel.cr\/playas-de-montezuma\/"},"modified":"2025-08-18T09:52:18","modified_gmt":"2025-08-18T15:52:18","slug":"playas-de-montezuma","status":"publish","type":"page","link":"https:\/\/www.nyahotel.cr\/es\/playas-de-montezuma\/","title":{"rendered":"Playas de Montezuma"},"content":{"rendered":"<p>[et_pb_section fb_built=\u00bb1&#8243; fullwidth=\u00bbon\u00bb admin_label=\u00bbHero 4&#8243; module_class=\u00bbsfly_hero \u00bb _builder_version=\u00bb4.27.4&#8243; background_color=\u00bb#000000&#8243; locked=\u00bboff\u00bb global_colors_info=\u00bb{}\u00bb theme_builder_area=\u00bbpost_content\u00bb][et_pb_fullwidth_header title=\u00bbPlayas de Montezuma\u00bb header_fullscreen=\u00bbon\u00bb button_one_url=\u00bb#deluxe-balcony-king\u00bb button_two_url=\u00bbhttps:\/\/reservations.orbebooking.com\/Search\/Init\/kApjz\u00bb background_overlay_color=\u00bbrgba(0,0,0,0.25)\u00bb module_class=\u00bbsfly_fullwidth_header\u00bb _builder_version=\u00bb4.27.4&#8243; title_font=\u00bb||||||||\u00bb title_font_size=\u00bb60px\u00bb content_font=\u00bb||||||||\u00bb subhead_font=\u00bb||||||||\u00bb background_image=\u00bbhttps:\/\/nyahotel.cr\/wp-content\/uploads\/2025\/07\/montezuma-beaches-3.jpg\u00bb parallax=\u00bbon\u00bb custom_button_two=\u00bbon\u00bb button_two_text_color=\u00bb#ffffff\u00bb button_two_bg_color=\u00bbrgba(0,0,0,0)\u00bb button_two_border_color=\u00bb#ffffff\u00bb button_two_font=\u00bb||||||||\u00bb button_two_use_icon=\u00bboff\u00bb animation_style=\u00bbfade\u00bb animation_duration=\u00bb1500ms\u00bb hover_enabled=\u00bb0&#8243; title_font_size_tablet=\u00bb48px\u00bb title_font_size_phone=\u00bb36px\u00bb title_font_size_last_edited=\u00bbon|desktop\u00bb custom_css_content=\u00bbmax-width: 600px;||margin-bottom: 15px;\u00bb button_one_text_color_hover=\u00bb#ffffff\u00bb button_two_text_color_hover=\u00bb#000000&#8243; button_one_border_color_hover=\u00bb#ffffff\u00bb button_two_border_color_hover=\u00bb#ffffff\u00bb button_one_bg_color_hover=\u00bbrgba(255,255,255,0)\u00bb button_two_bg_color_hover=\u00bb#ffffff\u00bb global_colors_info=\u00bb{}\u00bb button_one_text_size__hover_enabled=\u00bboff\u00bb button_two_text_size__hover_enabled=\u00bboff\u00bb button_one_text_color__hover_enabled=\u00bbon\u00bb button_one_text_color__hover=\u00bb#ffffff\u00bb button_two_text_color__hover_enabled=\u00bbon\u00bb button_two_text_color__hover=\u00bb#000000&#8243; button_one_border_width__hover_enabled=\u00bboff\u00bb button_two_border_width__hover_enabled=\u00bboff\u00bb button_one_border_color__hover_enabled=\u00bbon\u00bb button_one_border_color__hover=\u00bb#5ad8b0&#8243; button_two_border_color__hover_enabled=\u00bbon\u00bb button_two_border_color__hover=\u00bb#ffffff\u00bb button_one_border_radius__hover_enabled=\u00bboff\u00bb button_two_border_radius__hover_enabled=\u00bboff\u00bb button_one_letter_spacing__hover_enabled=\u00bboff\u00bb button_two_letter_spacing__hover_enabled=\u00bboff\u00bb button_one_bg_color__hover_enabled=\u00bbon\u00bb button_one_bg_color__hover=\u00bb#5ad8b0&#8243; button_two_bg_color__hover_enabled=\u00bbon\u00bb button_two_bg_color__hover=\u00bb#ffffff\u00bb theme_builder_area=\u00bbpost_content\u00bb alt=\u00bbMontezuma beaches\u00bb title_text=\u00bbMontezuma beaches\u00bb sticky_enabled=\u00bb0&#8243;]<\/p>\n<p>Descubre la impresionante costa de Montezuma a solo pasos de tu habitaci\u00f3n, donde las arenas doradas se encuentran con el Pac\u00edfico y cada playa ofrece su propio encanto \u00fanico.<\/p>\n<p>[\/et_pb_fullwidth_header][\/et_pb_section][et_pb_section fb_built=\u00bb1&#8243; custom_padding_last_edited=\u00bbon|tablet\u00bb admin_label=\u00bbCTA 1&#8243; module_id=\u00bbdeluxe-balcony-king\u00bb module_class=\u00bbsfly_cta\u00bb _builder_version=\u00bb4.27.4&#8243; custom_padding=\u00bb|||\u00bb custom_padding_tablet=\u00bb|||\u00bb custom_padding_phone=\u00bb\u00bb locked=\u00bboff\u00bb global_colors_info=\u00bb{}\u00bb theme_builder_area=\u00bbpost_content\u00bb][et_pb_row column_structure=\u00bb3_5,2_5&#8243; _builder_version=\u00bb4.27.4&#8243; custom_padding=\u00bb|||\u00bb hover_enabled=\u00bb0&#8243; global_colors_info=\u00bb{}\u00bb theme_builder_area=\u00bbpost_content\u00bb make_equal=\u00bbon\u00bb sticky_enabled=\u00bb0&#8243;][et_pb_column type=\u00bb3_5&#8243; _builder_version=\u00bb4.27.4&#8243; custom_padding=\u00bb|||\u00bb hover_enabled=\u00bb0&#8243; global_colors_info=\u00bb{}\u00bb custom_padding__hover=\u00bb|||\u00bb theme_builder_area=\u00bbpost_content\u00bb alt=\u00bbMontezuma beaches\u00bb title_text=\u00bbMontezuma beaches\u00bb background_image=\u00bbhttps:\/\/nyahotel.cr\/wp-content\/uploads\/2025\/07\/montezuma-beaches-3.jpg\u00bb sticky_enabled=\u00bb0&#8243;][\/et_pb_column][et_pb_column type=\u00bb2_5&#8243; _builder_version=\u00bb4.16&#8243; custom_padding=\u00bb|||\u00bb global_colors_info=\u00bb{}\u00bb custom_padding__hover=\u00bb|||\u00bb theme_builder_area=\u00bbpost_content\u00bb][et_pb_text _builder_version=\u00bb4.27.4&#8243; header_font=\u00bb||||||||\u00bb header_3_font=\u00bb||||||||\u00bb custom_margin=\u00bb||||false|false\u00bb custom_padding=\u00bb50px||50px||false|false\u00bb custom_padding_tablet=\u00bb||||false|false\u00bb custom_padding_phone=\u00bb||||false|false\u00bb custom_padding_last_edited=\u00bbon|desktop\u00bb hover_enabled=\u00bb0&#8243; global_colors_info=\u00bb{}\u00bb theme_builder_area=\u00bbpost_content\u00bb sticky_enabled=\u00bb0&#8243;]<\/p>\n<h3>Playas de Montezuma<\/h3>\n<p>La impresionante costa de Montezuma est\u00e1 a solo pasos del Hotel nYa, ofreci\u00e9ndote f\u00e1cil acceso a algunas de las playas m\u00e1s hermosas del Pac\u00edfico de Costa Rica. Cada playa tiene su propio car\u00e1cter, desde lugares tranquilos para nadar hasta emocionantes rompientes para surfear.<\/p>\n<p>[\/et_pb_text][\/et_pb_column][\/et_pb_row][\/et_pb_section][et_pb_section fb_built=\u00bb1&#8243; admin_label=\u00bbGeneral 6&#8243; module_class=\u00bbsfly_general \u00bb _builder_version=\u00bb4.27.4&#8243; custom_padding=\u00bb0px||0px||true\u00bb locked=\u00bboff\u00bb global_colors_info=\u00bb{}\u00bb theme_builder_area=\u00bbpost_content\u00bb][et_pb_row column_structure=\u00bb1_3,2_3&#8243; use_custom_gutter=\u00bbon\u00bb gutter_width=\u00bb1&#8243; make_equal=\u00bbon\u00bb padding_top_bottom_link_2=\u00bbtrue\u00bb padding_left_right_link_2=\u00bbtrue\u00bb module_class=\u00bb et_pb_row_fullwidth\u00bb _builder_version=\u00bb4.27.4&#8243; width=\u00bb100%\u00bb width_tablet=\u00bb100%\u00bb width_phone=\u00bb100%\u00bb width_last_edited=\u00bbon|desktop\u00bb max_width=\u00bb100%\u00bb max_width_tablet=\u00bb100%\u00bb max_width_phone=\u00bb100%\u00bb max_width_last_edited=\u00bbon|desktop\u00bb custom_padding=\u00bb0px||0px||true\u00bb hover_enabled=\u00bb0&#8243; make_fullwidth=\u00bbon\u00bb custom_width_px=\u00bb750px\u00bb global_colors_info=\u00bb{}\u00bb theme_builder_area=\u00bbpost_content\u00bb sticky_enabled=\u00bb0&#8243;][et_pb_column type=\u00bb1_3&#8243; module_class=\u00bbcolumn1&#8243; _builder_version=\u00bb4.27.4&#8243; background_image=\u00bbhttps:\/\/nyahotel.cr\/wp-content\/uploads\/2025\/07\/montezuma-beaches-2.jpg\u00bb custom_padding=\u00bb|||\u00bb hover_enabled=\u00bb0&#8243; global_colors_info=\u00bb{}\u00bb custom_padding__hover=\u00bb|||\u00bb theme_builder_area=\u00bbpost_content\u00bb alt=\u00bbMontezuma beaches\u00bb title_text=\u00bbMontezuma beaches\u00bb sticky_enabled=\u00bb0&#8243;][et_pb_divider color=\u00bbrgba(0,0,0,0)\u00bb module_class=\u00bbdivider_spacer\u00bb _builder_version=\u00bb4.16&#8243; global_colors_info=\u00bb{}\u00bb theme_builder_area=\u00bbpost_content\u00bb][\/et_pb_divider][\/et_pb_column][et_pb_column type=\u00bb2_3&#8243; module_class=\u00bbcolumn2&#8243; _builder_version=\u00bb4.27.4&#8243; background_color=\u00bb#f2f2f2&#8243; background_enable_image=\u00bboff\u00bb custom_padding=\u00bb5%|5%|5%|5%\u00bb custom_padding_tablet=\u00bb5%|5%|5%|5%\u00bb custom_padding_phone=\u00bb10%|10%|10%|10%|true|true\u00bb custom_padding_last_edited=\u00bbon|phone\u00bb global_colors_info=\u00bb{}\u00bb padding_phone=\u00bb10%|10%|10%|10%|true|true\u00bb padding_last_edited=\u00bbon|phone\u00bb custom_padding__hover=\u00bb|||\u00bb theme_builder_area=\u00bbpost_content\u00bb][et_pb_text _builder_version=\u00bb4.27.4&#8243; header_font=\u00bb||||||||\u00bb header_3_font=\u00bb||||||||\u00bb custom_margin=\u00bb||||false|false\u00bb custom_padding=\u00bb||||false|false\u00bb custom_padding_tablet=\u00bb||||false|false\u00bb custom_padding_phone=\u00bb||||false|false\u00bb custom_padding_last_edited=\u00bbon|desktop\u00bb hover_enabled=\u00bb0&#8243; locked=\u00bboff\u00bb global_colors_info=\u00bb{}\u00bb theme_builder_area=\u00bbpost_content\u00bb sticky_enabled=\u00bb0&#8243;]<\/p>\n<h3>Playa Montezuma<\/h3>\n<p>La playa principal est\u00e1 justo en el pueblo, perfecta para nadar, tomar el sol y ver espectaculares puestas de sol. La playa de arena dorada se extiende a lo largo de la costa, ofreciendo mucho espacio para relajarse. Durante la marea baja, se forman piscinas naturales que revelan colorida vida marina y ofrecen oportunidades naturales de exploraci\u00f3n. <\/p>\n<h3>Playa Grande<\/h3>\n<p>Un corto paseo hacia el norte lleva a Playa Grande, un tramo m\u00e1s largo de playa popular entre surfistas y quienes buscan m\u00e1s espacio. Las olas constantes la hacen ideal para clases de surf o para surfistas experimentados que buscan buenos rompientes. Esta playa es parte del Refugio Nacional de Vida Silvestre Romelia, un refugio vital para la vida silvestre que el Hotel nYa apoya con orgullo a trav\u00e9s de esfuerzos de conservaci\u00f3n. El estatus de protecci\u00f3n ayuda a preservar sitios de anidaci\u00f3n de tortugas marinas y mantiene el ecosistema costero natural.<\/p>\n<p>[\/et_pb_text][\/et_pb_column][\/et_pb_row][et_pb_row column_structure=\u00bb2_3,1_3&#8243; use_custom_gutter=\u00bbon\u00bb gutter_width=\u00bb1&#8243; make_equal=\u00bbon\u00bb padding_top_bottom_link_2=\u00bbtrue\u00bb padding_left_right_link_2=\u00bbtrue\u00bb module_class=\u00bb et_pb_row_fullwidth\u00bb _builder_version=\u00bb4.27.4&#8243; width=\u00bb100%\u00bb width_tablet=\u00bb100%\u00bb width_phone=\u00bb100%\u00bb width_last_edited=\u00bbon|desktop\u00bb max_width=\u00bb100%\u00bb max_width_tablet=\u00bb100%\u00bb max_width_phone=\u00bb100%\u00bb max_width_last_edited=\u00bbon|desktop\u00bb custom_padding=\u00bb0px||0px||true\u00bb hover_enabled=\u00bb0&#8243; make_fullwidth=\u00bbon\u00bb custom_width_px=\u00bb750px\u00bb global_colors_info=\u00bb{}\u00bb theme_builder_area=\u00bbpost_content\u00bb sticky_enabled=\u00bb0&#8243;][et_pb_column type=\u00bb2_3&#8243; module_class=\u00bbcolumn2&#8243; _builder_version=\u00bb4.27.4&#8243; background_color=\u00bb#FFFFFF\u00bb background_enable_image=\u00bboff\u00bb custom_padding=\u00bb5%|5%|5%|5%\u00bb custom_padding_tablet=\u00bb5%|5%|5%|5%\u00bb custom_padding_phone=\u00bb10%|10%|10%|10%|true|true\u00bb custom_padding_last_edited=\u00bbon|phone\u00bb global_colors_info=\u00bb{}\u00bb padding_phone=\u00bb10%|10%|10%|10%|true|true\u00bb padding_last_edited=\u00bbon|phone\u00bb custom_padding__hover=\u00bb|||\u00bb theme_builder_area=\u00bbpost_content\u00bb][et_pb_text _builder_version=\u00bb4.27.4&#8243; header_font=\u00bb||||||||\u00bb header_3_font=\u00bb||||||||\u00bb custom_margin=\u00bb||||false|false\u00bb custom_padding=\u00bb||||false|false\u00bb custom_padding_tablet=\u00bb||||false|false\u00bb custom_padding_phone=\u00bb||||false|false\u00bb custom_padding_last_edited=\u00bbon|desktop\u00bb hover_enabled=\u00bb0&#8243; locked=\u00bboff\u00bb global_colors_info=\u00bb{}\u00bb theme_builder_area=\u00bbpost_content\u00bb sticky_enabled=\u00bb0&#8243;]<\/p>\n<h3><strong>Playa Colorada<\/strong><\/h3>\n<p>Al sur del pueblo, esta playa m\u00e1s peque\u00f1a ofrece una experiencia m\u00e1s aislada. La arena rojiza le da su nombre, y las aguas m\u00e1s tranquilas la hacen perfecta para nadar pac\u00edficamente y hacer esn\u00f3rquel.<\/p>\n<h3><strong>Actividades en la Playa<\/strong><\/h3>\n<p>Todas las playas ofrecen excelentes oportunidades para nadar, explorar la costa y ver el atardecer. En el pueblo se pueden alquilar tablas de surf y tomar clases. Las piscinas naturales en marea baja revelan cangrejos, an\u00e9monas de mar y peces peque\u00f1os. Se puede organizar paseo a caballo por la playa a trav\u00e9s de operadores locales.<\/p>\n<h3><strong>Distancias a Pie<\/strong><\/h3>\n<p>Playa Montezuma est\u00e1 a menos de 3 minutos a pie del Hotel nYa. Playa Grande est\u00e1 a unos 10 minutos al norte, mientras que Playa Colorada est\u00e1 a 15 minutos al sur a lo largo del camino costero.<\/p>\n<p>[\/et_pb_text][\/et_pb_column][et_pb_column type=\u00bb1_3&#8243; module_class=\u00bbcolumn1&#8243; _builder_version=\u00bb4.27.4&#8243; background_image=\u00bbhttps:\/\/nyahotel.cr\/wp-content\/uploads\/2025\/07\/montezuma-beaches-1.jpg\u00bb custom_padding=\u00bb|||\u00bb hover_enabled=\u00bb0&#8243; global_colors_info=\u00bb{}\u00bb custom_padding__hover=\u00bb|||\u00bb theme_builder_area=\u00bbpost_content\u00bb alt=\u00bbMontezuma beaches\u00bb title_text=\u00bbMontezuma beaches\u00bb sticky_enabled=\u00bb0&#8243;][et_pb_divider color=\u00bbrgba(0,0,0,0)\u00bb module_class=\u00bbdivider_spacer\u00bb _builder_version=\u00bb4.16&#8243; global_colors_info=\u00bb{}\u00bb theme_builder_area=\u00bbpost_content\u00bb][\/et_pb_divider][\/et_pb_column][\/et_pb_row][\/et_pb_section]<\/p>\n","protected":false},"excerpt":{"rendered":"<p>Descubre la impresionante costa de Montezuma a solo pasos de tu habitaci\u00f3n, donde las arenas doradas se encuentran con el Pac\u00edfico y cada playa ofrece su propio encanto \u00fanico.Playas de Montezuma La impresionante costa de Montezuma est\u00e1 a solo pasos del Hotel nYa, ofreci\u00e9ndote f\u00e1cil acceso a algunas de las playas m\u00e1s hermosas del Pac\u00edfico [&hellip;]<\/p>\n","protected":false},"author":1,"featured_media":101959,"parent":0,"menu_order":0,"comment_status":"closed","ping_status":"closed","template":"","meta":{"_et_pb_use_builder":"on","_et_pb_old_content":"","_et_gb_content_width":"","_joinchat":[],"footnotes":""},"class_list":["post-102014","page","type-page","status-publish","has-post-thumbnail","hentry"],"_links":{"self":[{"href":"https:\/\/www.nyahotel.cr\/es\/wp-json\/wp\/v2\/pages\/102014","targetHints":{"allow":["GET"]}}],"collection":[{"href":"https:\/\/www.nyahotel.cr\/es\/wp-json\/wp\/v2\/pages"}],"about":[{"href":"https:\/\/www.nyahotel.cr\/es\/wp-json\/wp\/v2\/types\/page"}],"author":[{"embeddable":true,"href":"https:\/\/www.nyahotel.cr\/es\/wp-json\/wp\/v2\/users\/1"}],"replies":[{"embeddable":true,"href":"https:\/\/www.nyahotel.cr\/es\/wp-json\/wp\/v2\/comments?post=102014"}],"version-history":[{"count":0,"href":"https:\/\/www.nyahotel.cr\/es\/wp-json\/wp\/v2\/pages\/102014\/revisions"}],"wp:featuredmedia":[{"embeddable":true,"href":"https:\/\/www.nyahotel.cr\/es\/wp-json\/wp\/v2\/media\/101959"}],"wp:attachment":[{"href":"https:\/\/www.nyahotel.cr\/es\/wp-json\/wp\/v2\/media?parent=102014"}],"curies":[{"name":"wp","href":"https:\/\/api.w.org\/{rel}","templated":true}]}}