{"id":102017,"date":"2025-07-15T09:38:37","date_gmt":"2025-07-15T15:38:37","guid":{"rendered":"https:\/\/nyahotel.cr\/refugio-nacional-de-vida-silvestre-romelia\/"},"modified":"2025-08-18T09:59:36","modified_gmt":"2025-08-18T15:59:36","slug":"refugio-nacional-de-vida-silvestre-romelia","status":"publish","type":"page","link":"https:\/\/www.nyahotel.cr\/es\/refugio-nacional-de-vida-silvestre-romelia\/","title":{"rendered":"Refugio Nacional de Vida Silvestre Romelia"},"content":{"rendered":"<p>[et_pb_section fb_built=\u00bb1&#8243; fullwidth=\u00bbon\u00bb admin_label=\u00bbHero 4&#8243; module_class=\u00bbsfly_hero \u00bb _builder_version=\u00bb4.27.4&#8243; background_color=\u00bb#000000&#8243; locked=\u00bboff\u00bb global_colors_info=\u00bb{}\u00bb theme_builder_area=\u00bbpost_content\u00bb][et_pb_fullwidth_header title=\u00bbRefugio Nacional de Vida Silvestre Romelia\u00bb header_fullscreen=\u00bbon\u00bb button_one_url=\u00bb#deluxe-balcony-king\u00bb button_two_url=\u00bbhttps:\/\/reservations.orbebooking.com\/Search\/Init\/kApjz\u00bb background_overlay_color=\u00bbrgba(0,0,0,0.25)\u00bb module_class=\u00bbsfly_fullwidth_header\u00bb _builder_version=\u00bb4.27.4&#8243; title_font=\u00bb||||||||\u00bb title_font_size=\u00bb60px\u00bb content_font=\u00bb||||||||\u00bb subhead_font=\u00bb||||||||\u00bb background_image=\u00bbhttps:\/\/nyahotel.cr\/wp-content\/uploads\/2025\/07\/refugio-romelia-portada.jpg\u00bb parallax=\u00bbon\u00bb custom_button_two=\u00bbon\u00bb button_two_text_color=\u00bb#ffffff\u00bb button_two_bg_color=\u00bbrgba(0,0,0,0)\u00bb button_two_border_color=\u00bb#ffffff\u00bb button_two_font=\u00bb||||||||\u00bb button_two_use_icon=\u00bboff\u00bb animation_style=\u00bbfade\u00bb animation_duration=\u00bb1500ms\u00bb hover_enabled=\u00bb0&#8243; title_font_size_tablet=\u00bb48px\u00bb title_font_size_phone=\u00bb36px\u00bb title_font_size_last_edited=\u00bbon|desktop\u00bb custom_css_content=\u00bbmax-width: 600px;||margin-bottom: 15px;\u00bb button_one_text_color_hover=\u00bb#ffffff\u00bb button_two_text_color_hover=\u00bb#000000&#8243; button_one_border_color_hover=\u00bb#ffffff\u00bb button_two_border_color_hover=\u00bb#ffffff\u00bb button_one_bg_color_hover=\u00bbrgba(255,255,255,0)\u00bb button_two_bg_color_hover=\u00bb#ffffff\u00bb global_colors_info=\u00bb{}\u00bb button_one_text_size__hover_enabled=\u00bboff\u00bb button_two_text_size__hover_enabled=\u00bboff\u00bb button_one_text_color__hover_enabled=\u00bbon\u00bb button_one_text_color__hover=\u00bb#ffffff\u00bb button_two_text_color__hover_enabled=\u00bbon\u00bb button_two_text_color__hover=\u00bb#000000&#8243; button_one_border_width__hover_enabled=\u00bboff\u00bb button_two_border_width__hover_enabled=\u00bboff\u00bb button_one_border_color__hover_enabled=\u00bbon\u00bb button_one_border_color__hover=\u00bb#5ad8b0&#8243; button_two_border_color__hover_enabled=\u00bbon\u00bb button_two_border_color__hover=\u00bb#ffffff\u00bb button_one_border_radius__hover_enabled=\u00bboff\u00bb button_two_border_radius__hover_enabled=\u00bboff\u00bb button_one_letter_spacing__hover_enabled=\u00bboff\u00bb button_two_letter_spacing__hover_enabled=\u00bboff\u00bb button_one_bg_color__hover_enabled=\u00bbon\u00bb button_one_bg_color__hover=\u00bb#5ad8b0&#8243; button_two_bg_color__hover_enabled=\u00bbon\u00bb button_two_bg_color__hover=\u00bb#ffffff\u00bb theme_builder_area=\u00bbpost_content\u00bb alt=\u00bbRefugio Nacional de Vida Silvestre Romelia\u00bb title_text=\u00bbRefugio Nacional de Vida Silvestre Romelia\u00bb use_background_color_gradient=\u00bbon\u00bb background_color_gradient_overlays_image=\u00bbon\u00bb background_color_gradient_stops=\u00bbrgba(10,10,10,0.27) 0%|rgba(10,10,10,0.45) 100%\u00bb sticky_enabled=\u00bb0&#8243;]<\/p>\n<p>Descubre el santuario de vida silvestre protegido que el Hotel nYa apoya con orgullo, donde las tortugas marinas anidan y los ecosistemas costeros prosperan en su estado natural. <\/p>\n<p>[\/et_pb_fullwidth_header][\/et_pb_section][et_pb_section fb_built=\u00bb1&#8243; custom_padding_last_edited=\u00bbon|tablet\u00bb admin_label=\u00bbCTA 1&#8243; module_id=\u00bbdeluxe-balcony-king\u00bb module_class=\u00bbsfly_cta\u00bb _builder_version=\u00bb4.27.4&#8243; custom_padding=\u00bb|||\u00bb custom_padding_tablet=\u00bb|||\u00bb custom_padding_phone=\u00bb\u00bb locked=\u00bboff\u00bb global_colors_info=\u00bb{}\u00bb theme_builder_area=\u00bbpost_content\u00bb][et_pb_row column_structure=\u00bb3_5,2_5&#8243; make_equal=\u00bbon\u00bb _builder_version=\u00bb4.27.4&#8243; custom_padding=\u00bb|||\u00bb hover_enabled=\u00bb0&#8243; global_colors_info=\u00bb{}\u00bb theme_builder_area=\u00bbpost_content\u00bb sticky_enabled=\u00bb0&#8243;][et_pb_column type=\u00bb3_5&#8243; _builder_version=\u00bb4.16&#8243; custom_padding=\u00bb|||\u00bb global_colors_info=\u00bb{}\u00bb custom_padding__hover=\u00bb|||\u00bb theme_builder_area=\u00bbpost_content\u00bb][et_pb_gallery _builder_version=\u00bb4.27.4&#8243; _module_preset=\u00bbdefault\u00bb theme_builder_area=\u00bbpost_content\u00bb gallery_ids=\u00bb101261,101260,101257,101259,101258&#8243; fullwidth=\u00bbon\u00bb hover_enabled=\u00bb0&#8243; sticky_enabled=\u00bb0&#8243; auto=\u00bbon\u00bb][\/et_pb_gallery][\/et_pb_column][et_pb_column type=\u00bb2_5&#8243; _builder_version=\u00bb4.16&#8243; custom_padding=\u00bb|||\u00bb global_colors_info=\u00bb{}\u00bb custom_padding__hover=\u00bb|||\u00bb theme_builder_area=\u00bbpost_content\u00bb][et_pb_text _builder_version=\u00bb4.27.4&#8243; header_font=\u00bb||||||||\u00bb header_3_font=\u00bb||||||||\u00bb custom_margin=\u00bb||||false|false\u00bb custom_padding=\u00bb70px||50px||false|false\u00bb custom_padding_tablet=\u00bb||||false|false\u00bb custom_padding_phone=\u00bb||||false|false\u00bb custom_padding_last_edited=\u00bbon|desktop\u00bb hover_enabled=\u00bb0&#8243; global_colors_info=\u00bb{}\u00bb theme_builder_area=\u00bbpost_content\u00bb sticky_enabled=\u00bb0&#8243;]<\/p>\n<h3>Playas de Montezuma<\/h3>\n<p>El Refugio Nacional de Vida Silvestre Romelia abarca las playas pr\u00edstinas y los bosques costeros alrededor de Montezuma, creando un santuario vital para la vida silvestre marina y terrestre. Como principales donantes de este importante proyecto de conservaci\u00f3n, los hu\u00e9spedes del Hotel nYa pueden experimentar de primera mano los resultados de la protecci\u00f3n ambiental y la participaci\u00f3n comunitaria dedicadas.<\/p>\n<p>[\/et_pb_text][\/et_pb_column][\/et_pb_row][\/et_pb_section][et_pb_section fb_built=\u00bb1&#8243; custom_padding_last_edited=\u00bbon|tablet\u00bb admin_label=\u00bbCTA 1&#8243; module_id=\u00bbdeluxe-balcony-king\u00bb module_class=\u00bbsfly_cta\u00bb _builder_version=\u00bb4.27.4&#8243; custom_padding=\u00bb|||\u00bb custom_padding_tablet=\u00bb|||\u00bb custom_padding_phone=\u00bb\u00bb hover_enabled=\u00bb0&#8243; locked=\u00bboff\u00bb global_colors_info=\u00bb{}\u00bb theme_builder_area=\u00bbpost_content\u00bb background_color=\u00bbrgba(62,62,62,0.05)\u00bb sticky_enabled=\u00bb0&#8243;][et_pb_row column_structure=\u00bb1_2,1_2&#8243; _builder_version=\u00bb4.27.4&#8243; custom_width_px=\u00bb750px\u00bb global_colors_info=\u00bb{}\u00bb locked=\u00bboff\u00bb theme_builder_area=\u00bbpost_content\u00bb][et_pb_column type=\u00bb1_2&#8243; module_class=\u00bbcolumn2&#8243; _builder_version=\u00bb4.16&#8243; custom_padding=\u00bb|||\u00bb global_colors_info=\u00bb{}\u00bb custom_padding__hover=\u00bb|||\u00bb theme_builder_area=\u00bbpost_content\u00bb][et_pb_text quote_border_weight=\u00bb0px\u00bb quote_border_color=\u00bbrgba(0,0,0,0)\u00bb _builder_version=\u00bb4.27.4&#8243; text_font=\u00bb||||||||\u00bb link_font=\u00bb|100|||on|||#000000|\u00bb link_text_color=\u00bb#000000&#8243; quote_font=\u00bbPlayfair Display||on||||||\u00bb quote_text_color=\u00bb#000000&#8243; quote_line_height=\u00bb1.3em\u00bb header_font=\u00bb|700|||||||\u00bb header_2_font=\u00bb|700|||||||\u00bb header_3_font=\u00bb|700|||||||\u00bb header_3_text_color=\u00bb#000000&#8243; header_4_letter_spacing=\u00bb12px\u00bb header_5_font=\u00bb|300|||||||\u00bb header_5_text_color=\u00bb#bfbfbf\u00bb header_5_letter_spacing=\u00bb12px\u00bb header_6_font=\u00bb|700|||||||\u00bb header_6_letter_spacing=\u00bb12px\u00bb module_alignment=\u00bbleft\u00bb custom_margin_tablet=\u00bb\u00bb custom_margin_phone=\u00bb\u00bb custom_margin_last_edited=\u00bbon|tablet\u00bb hover_enabled=\u00bb0&#8243; quote_font_size_tablet=\u00bb\u00bb quote_font_size_phone=\u00bb\u00bb quote_font_size_last_edited=\u00bbon|desktop\u00bb saved_tabs=\u00bball\u00bb locked=\u00bboff\u00bb global_colors_info=\u00bb{}\u00bb theme_builder_area=\u00bbpost_content\u00bb sticky_enabled=\u00bb0&#8243;]<\/p>\n<h3><strong>Santuario de Vida Silvestre<\/strong><\/h3>\n<p>El refugio protege playas de anidaci\u00f3n cr\u00edticas para las tortugas lora y baula, con la temporada de anidaci\u00f3n de julio a diciembre. Los bosques costeros protegidos proporcionan h\u00e1bitat para monos aulladores, cariblancos, perezosos y m\u00e1s de 200 especies de aves. Las aguas marinas dentro del refugio albergan diversas poblaciones de peces, rayas y visitantes estacionales como delfines y ballenas.<\/p>\n<h3><strong>Conservaci\u00f3n de Tortugas Marinas<\/strong><\/h3>\n<p>La misi\u00f3n principal del refugio se centra en la protecci\u00f3n de las tortugas marinas a trav\u00e9s de patrullas de playa, monitoreo de nidos y programas de liberaci\u00f3n de cr\u00edas. Gu\u00edas capacitados monitorean la actividad de anidaci\u00f3n, reubican nidos vulnerables cuando es necesario y educan a los visitantes sobre la conservaci\u00f3n marina. Durante la temporada de anidaci\u00f3n, los tours de observaci\u00f3n de tortugas ofrecen encuentros inolvidables con la vida silvestre.<\/p>\n<h3><strong>Investigaci\u00f3n y Educaci\u00f3n<\/strong><\/h3>\n<p>La investigaci\u00f3n continua de la biodiversidad dentro del refugio contribuye al entendimiento cient\u00edfico de Costa Rica sobre los ecosistemas costeros. Los programas de educaci\u00f3n ambiental involucran a escuelas y comunidades locales, fomentando la conciencia de conservaci\u00f3n entre las generaciones futuras. Investigadores internacionales colaboran en estudios de vida marina, ecolog\u00eda forestal e impactos del cambio clim\u00e1tico.<\/p>\n<p>[\/et_pb_text][\/et_pb_column][et_pb_column type=\u00bb1_2&#8243; module_class=\u00bbcolumn2&#8243; _builder_version=\u00bb4.16&#8243; custom_padding=\u00bb|||\u00bb global_colors_info=\u00bb{}\u00bb custom_padding__hover=\u00bb|||\u00bb theme_builder_area=\u00bbpost_content\u00bb][et_pb_text quote_border_weight=\u00bb0px\u00bb quote_border_color=\u00bbrgba(0,0,0,0)\u00bb _builder_version=\u00bb4.27.4&#8243; text_font=\u00bb||||||||\u00bb link_font=\u00bb|100|||on|||#000000|\u00bb link_text_color=\u00bb#000000&#8243; quote_font=\u00bbPlayfair Display||on||||||\u00bb quote_text_color=\u00bb#000000&#8243; quote_line_height=\u00bb1.3em\u00bb header_font=\u00bb|700|||||||\u00bb header_2_font=\u00bb|700|||||||\u00bb header_3_font=\u00bb|700|||||||\u00bb header_3_text_color=\u00bb#000000&#8243; header_4_letter_spacing=\u00bb12px\u00bb header_5_font=\u00bb|300|||||||\u00bb header_5_text_color=\u00bb#bfbfbf\u00bb header_5_letter_spacing=\u00bb12px\u00bb header_6_font=\u00bb|700|||||||\u00bb header_6_letter_spacing=\u00bb12px\u00bb module_alignment=\u00bbleft\u00bb custom_margin_tablet=\u00bb\u00bb custom_margin_phone=\u00bb\u00bb custom_margin_last_edited=\u00bbon|tablet\u00bb hover_enabled=\u00bb0&#8243; quote_font_size_tablet=\u00bb\u00bb quote_font_size_phone=\u00bb\u00bb quote_font_size_last_edited=\u00bbon|desktop\u00bb saved_tabs=\u00bball\u00bb locked=\u00bboff\u00bb global_colors_info=\u00bb{}\u00bb theme_builder_area=\u00bbpost_content\u00bb sticky_enabled=\u00bb0&#8243;]<\/p>\n<h3><strong>Conservaci\u00f3n de Playas<\/strong><\/h3>\n<p>Las limpiezas regulares de playas eliminan desechos marinos y contaminaci\u00f3n pl\u00e1stica que amenazan la vida silvestre. Los programas de voluntariado dan la bienvenida a visitantes que desean contribuir a los esfuerzos de conservaci\u00f3n durante su estancia. Estas iniciativas comunitarias mantienen las playas de Montezuma pr\u00edstinas mientras protegen a los animales que dependen de ellas.<\/p>\n<h3><strong>Apoyo del Hotel nYa<\/strong><\/h3>\n<p>Como principales apoyadores del Refugio Romelia, los hu\u00e9spedes del Hotel nYa contribuyen directamente a la conservaci\u00f3n a trav\u00e9s de su estancia. Nuestra asociaci\u00f3n financia programas de conservaci\u00f3n de tortugas, iniciativas de investigaci\u00f3n y educaci\u00f3n ambiental. Esta colaboraci\u00f3n asegura que la belleza natural de Montezuma se mantenga protegida para que las futuras generaciones puedan disfrutarla.<\/p>\n<h3><strong>Visitar el Refugio<\/strong><\/h3>\n<p>El refugio abarca Playa Grande y las \u00e1reas costeras circundantes, f\u00e1cilmente accesibles desde el Hotel nYa. Los tours guiados proporcionan informaci\u00f3n sobre el trabajo de conservaci\u00f3n y oportunidades para observar la vida silvestre. La observaci\u00f3n respetuosa de la vida silvestre ayuda a financiar los esfuerzos de protecci\u00f3n en curso mientras crea conexiones significativas con la incre\u00edble biodiversidad de Costa Rica.<\/p>\n<p>[\/et_pb_text][\/et_pb_column][\/et_pb_row][\/et_pb_section]<\/p>\n","protected":false},"excerpt":{"rendered":"<p>Descubre el santuario de vida silvestre protegido que el Hotel nYa apoya con orgullo, donde las tortugas marinas anidan y los ecosistemas costeros prosperan en su estado natural. Playas de Montezuma El Refugio Nacional de Vida Silvestre Romelia abarca las playas pr\u00edstinas y los bosques costeros alrededor de Montezuma, creando un santuario vital para la [&hellip;]<\/p>\n","protected":false},"author":1,"featured_media":101965,"parent":0,"menu_order":0,"comment_status":"closed","ping_status":"closed","template":"","meta":{"_et_pb_use_builder":"on","_et_pb_old_content":"","_et_gb_content_width":"","_joinchat":[],"footnotes":""},"class_list":["post-102017","page","type-page","status-publish","has-post-thumbnail","hentry"],"_links":{"self":[{"href":"https:\/\/www.nyahotel.cr\/es\/wp-json\/wp\/v2\/pages\/102017","targetHints":{"allow":["GET"]}}],"collection":[{"href":"https:\/\/www.nyahotel.cr\/es\/wp-json\/wp\/v2\/pages"}],"about":[{"href":"https:\/\/www.nyahotel.cr\/es\/wp-json\/wp\/v2\/types\/page"}],"author":[{"embeddable":true,"href":"https:\/\/www.nyahotel.cr\/es\/wp-json\/wp\/v2\/users\/1"}],"replies":[{"embeddable":true,"href":"https:\/\/www.nyahotel.cr\/es\/wp-json\/wp\/v2\/comments?post=102017"}],"version-history":[{"count":0,"href":"https:\/\/www.nyahotel.cr\/es\/wp-json\/wp\/v2\/pages\/102017\/revisions"}],"wp:featuredmedia":[{"embeddable":true,"href":"https:\/\/www.nyahotel.cr\/es\/wp-json\/wp\/v2\/media\/101965"}],"wp:attachment":[{"href":"https:\/\/www.nyahotel.cr\/es\/wp-json\/wp\/v2\/media?parent=102017"}],"curies":[{"name":"wp","href":"https:\/\/api.w.org\/{rel}","templated":true}]}}