{"id":102020,"date":"2025-03-05T09:43:07","date_gmt":"2025-03-05T15:43:07","guid":{"rendered":"https:\/\/nyahotel.cr\/jardines-y-piscina\/"},"modified":"2025-08-18T10:03:31","modified_gmt":"2025-08-18T16:03:31","slug":"jardines-y-piscina","status":"publish","type":"page","link":"https:\/\/www.nyahotel.cr\/es\/jardines-y-piscina\/","title":{"rendered":"Jardines y Piscina"},"content":{"rendered":"<p>[et_pb_section fb_built=\u00bb1&#8243; fullwidth=\u00bbon\u00bb admin_label=\u00bbHero 3&#8243; module_class=\u00bbsfly_hero\u00bb _builder_version=\u00bb4.27.4&#8243; background_color=\u00bb#000000&#8243; locked=\u00bboff\u00bb global_colors_info=\u00bb{}\u00bb][et_pb_fullwidth_header title=\u00bbJardines y Piscina\u00bb header_fullscreen=\u00bbon\u00bb button_one_text=\u00bbM\u00e1s\u00bb button_one_url=\u00bb#garden-pool\u00bb background_overlay_color=\u00bbrgba(62,62,62,0.58)\u00bb module_class=\u00bbsfly_fullwidth_header\u00bb _builder_version=\u00bb4.27.4&#8243; title_font=\u00bb|700|||||||\u00bb title_font_size=\u00bb60px\u00bb content_font=\u00bb||||||||\u00bb background_image=\u00bbhttps:\/\/nyahotel.cr\/wp-content\/uploads\/2025\/07\/garden-pool.jpg\u00bb parallax=\u00bbon\u00bb parallax_method=\u00bbon\u00bb custom_button_two=\u00bbon\u00bb button_two_text_color=\u00bb#bf9e77&#8243; button_two_bg_color=\u00bbrgba(0,0,0,0)\u00bb button_two_border_color=\u00bb#bf9e77&#8243; button_two_font=\u00bb||||||||\u00bb button_two_use_icon=\u00bboff\u00bb animation_style=\u00bbfade\u00bb animation_duration=\u00bb1500ms\u00bb hover_enabled=\u00bb0&#8243; title_font_size_tablet=\u00bb48px\u00bb title_font_size_phone=\u00bb36px\u00bb title_font_size_last_edited=\u00bbon|desktop\u00bb custom_css_content=\u00bbmax-width: 600px;||margin-bottom: 15px;\u00bb button_one_text_color_hover=\u00bb#ffffff\u00bb button_two_text_color_hover=\u00bb#000000&#8243; button_one_border_color_hover=\u00bb#ffffff\u00bb button_two_border_color_hover=\u00bb#ffffff\u00bb button_one_bg_color_hover=\u00bbrgba(255,255,255,0)\u00bb button_two_bg_color_hover=\u00bb#ffffff\u00bb global_colors_info=\u00bb{}\u00bb button_one_text_size__hover_enabled=\u00bboff\u00bb button_two_text_size__hover_enabled=\u00bboff\u00bb button_one_text_color__hover_enabled=\u00bbon\u00bb button_one_text_color__hover=\u00bb#bf9e77&#8243; button_two_text_color__hover_enabled=\u00bbon\u00bb button_two_text_color__hover=\u00bb#ffffff\u00bb button_one_border_width__hover_enabled=\u00bboff\u00bb button_two_border_width__hover_enabled=\u00bboff\u00bb button_one_border_color__hover_enabled=\u00bbon\u00bb button_one_border_color__hover=\u00bbrgba(191,158,119,0.99)\u00bb button_two_border_color__hover_enabled=\u00bbon\u00bb button_two_border_color__hover=\u00bbrgba(191,158,119,0.99)\u00bb button_one_border_radius__hover_enabled=\u00bboff\u00bb button_two_border_radius__hover_enabled=\u00bboff\u00bb button_one_letter_spacing__hover_enabled=\u00bboff\u00bb button_two_letter_spacing__hover_enabled=\u00bboff\u00bb button_one_bg_color__hover_enabled=\u00bbon\u00bb button_one_bg_color__hover=\u00bbrgba(255,255,255,0)\u00bb button_two_bg_color__hover_enabled=\u00bbon\u00bb button_two_bg_color__hover=\u00bb#bf9e77&#8243; sticky_enabled=\u00bb0&#8243;]<\/p>\n<p>Rel\u00e1jate en nuestro santuario tropical donde exuberantes jardines se encuentran con aguas tranquilas, creando el espacio perfecto para descansar y conectarte con la naturaleza.<\/p>\n<p>[\/et_pb_fullwidth_header][\/et_pb_section][et_pb_section fb_built=\u00bb1&#8243; specialty=\u00bbon\u00bb admin_label=\u00bbGeneral10&#8243; module_id=\u00bbgarden-pool\u00bb module_class=\u00bbsfly_general\u00bb _builder_version=\u00bb4.27.4&#8243; locked=\u00bboff\u00bb global_colors_info=\u00bb{}\u00bb][et_pb_column type=\u00bb1_2&#8243; _builder_version=\u00bb4.16&#8243; custom_padding=\u00bb|||\u00bb global_colors_info=\u00bb{}\u00bb parallax__hover=\u00bboff\u00bb parallax_method__hover=\u00bbon\u00bb custom_padding__hover=\u00bb|||\u00bb][et_pb_text quote_border_weight=\u00bb0px\u00bb quote_border_color=\u00bbrgba(0,0,0,0)\u00bb _builder_version=\u00bb4.27.4&#8243; text_font=\u00bb||||||||\u00bb link_font=\u00bb|100|||on|||#000000|\u00bb link_text_color=\u00bb#000000&#8243; quote_font=\u00bbCormorant Garamond|700|||||||\u00bb quote_text_color=\u00bb#bf9e77&#8243; quote_line_height=\u00bb1.3em\u00bb header_font=\u00bb|700|||||||\u00bb header_2_font=\u00bb|700|||||||\u00bb header_3_font=\u00bb|700|||||||\u00bb header_3_text_color=\u00bb#000000&#8243; header_4_letter_spacing=\u00bb12px\u00bb header_5_font=\u00bb|300|||||||\u00bb header_5_text_color=\u00bb#bfbfbf\u00bb header_5_letter_spacing=\u00bb12px\u00bb header_6_font=\u00bb|700|||||||\u00bb header_6_letter_spacing=\u00bb12px\u00bb max_width=\u00bb750px\u00bb module_alignment=\u00bbleft\u00bb custom_margin_tablet=\u00bb\u00bb custom_margin_phone=\u00bb\u00bb custom_margin_last_edited=\u00bbon|tablet\u00bb hover_enabled=\u00bb0&#8243; quote_font_size_tablet=\u00bb\u00bb quote_font_size_phone=\u00bb\u00bb quote_font_size_last_edited=\u00bbon|desktop\u00bb saved_tabs=\u00bball\u00bb locked=\u00bboff\u00bb global_colors_info=\u00bb{}\u00bb sticky_enabled=\u00bb0&#8243;]<\/p>\n<h2>Jardines y Piscina<\/h2>\n<p>Nuestros jardines tropicales y piscina refrescante crean un oasis de paz donde puedes relajarte mientras te mantienes conectado con la incre\u00edble belleza natural de Montezuma. Dise\u00f1ados como espacios vivientes que se integran perfectamente con el entorno circundante, estas \u00e1reas ofrecen el equilibrio perfecto entre comodidad y naturaleza salvaje. <\/p>\n<p><strong>Los Jardines<\/strong> Nuestros jardines tropicales muestran el arte del reconocido paisajista local Thoren Ingalls del Vivero Lac\u00f3n en C\u00f3bano. Originalmente dise\u00f1ados hace dos d\u00e9cadas, lo invitamos de vuelta para reimaginar el espacio, creando un dise\u00f1o que combina exuberante vegetaci\u00f3n tropical con elegancia contempor\u00e1nea.<br \/>Los jardines sirven como santuario para diversas especies de vida silvestre. Observa iguanas y ardillas juguetonas, escucha a los monos cariblancos y congos, y descubre martillas, guatusas, mapaches y pizotes. Los observadores de aves pueden encontrar tucanes, tucancitos collarejo, trogones, lapas rojas, garzas tigre, pericos, urracas azules, colibr\u00edes y el impresionante momoto ceja turquesa.   <\/p>\n<p>A lo largo de la propiedad, encontrar\u00e1s hamacas ubicadas bajo las palmeras &#8211; lugares perfectos para relajarte, leer, contemplar o simplemente descansar mientras escuchas los sonidos de la naturaleza a tu alrededor.<\/p>\n<p>[\/et_pb_text][\/et_pb_column][et_pb_column type=\u00bb1_2&#8243; specialty_columns=\u00bb2&#8243; _builder_version=\u00bb4.16&#8243; custom_padding=\u00bb|||\u00bb global_colors_info=\u00bb{}\u00bb parallax__hover=\u00bboff\u00bb parallax_method__hover=\u00bbon\u00bb custom_padding__hover=\u00bb|||\u00bb][et_pb_row_inner _builder_version=\u00bb4.16&#8243; custom_padding=\u00bb||0px\u00bb global_colors_info=\u00bb{}\u00bb][et_pb_column_inner saved_specialty_column_type=\u00bb1_2&#8243; _builder_version=\u00bb4.16&#8243; custom_padding=\u00bb|||\u00bb global_colors_info=\u00bb{}\u00bb parallax__hover=\u00bboff\u00bb parallax_method__hover=\u00bbon\u00bb custom_padding__hover=\u00bb|||\u00bb][et_pb_image src=\u00bbhttps:\/\/nyahotel.cr\/wp-content\/uploads\/2025\/07\/garden-pool-mood.jpg\u00bb alt=\u00bbJardines y Piscina\u00bb title_text=\u00bbJardines y Piscina\u00bb align=\u00bbcenter\u00bb align_tablet=\u00bbcenter\u00bb align_phone=\u00bbcenter\u00bb align_last_edited=\u00bbon|desktop\u00bb _builder_version=\u00bb4.27.4&#8243; animation_style=\u00bbfade\u00bb animation_duration=\u00bb1500ms\u00bb box_shadow_style=\u00bbpreset1&#8243; box_shadow_vertical=\u00bb0px\u00bb box_shadow_blur=\u00bb80px\u00bb box_shadow_color=\u00bbrgba(0,0,0,0.2)\u00bb locked=\u00bboff\u00bb global_colors_info=\u00bb{}\u00bb][\/et_pb_image][\/et_pb_column_inner][\/et_pb_row_inner][et_pb_row_inner column_structure=\u00bb1_2,1_2&#8243; use_custom_gutter=\u00bbon\u00bb gutter_width=\u00bb2&#8243; _builder_version=\u00bb4.16&#8243; global_colors_info=\u00bb{}\u00bb][et_pb_column_inner type=\u00bb1_2&#8243; saved_specialty_column_type=\u00bb1_2&#8243; _builder_version=\u00bb4.16&#8243; custom_padding=\u00bb|||\u00bb global_colors_info=\u00bb{}\u00bb parallax__hover=\u00bboff\u00bb parallax_method__hover=\u00bbon\u00bb custom_padding__hover=\u00bb|||\u00bb][et_pb_image src=\u00bbhttps:\/\/nyahotel.cr\/wp-content\/uploads\/2025\/07\/garden-pool-aerial.jpg\u00bb alt=\u00bbJardines y Piscina\u00bb title_text=\u00bbJardines y Piscina\u00bb align=\u00bbcenter\u00bb align_tablet=\u00bbcenter\u00bb align_phone=\u00bbcenter\u00bb align_last_edited=\u00bbon|desktop\u00bb _builder_version=\u00bb4.27.4&#8243; animation_style=\u00bbfade\u00bb animation_duration=\u00bb1500ms\u00bb box_shadow_style=\u00bbpreset1&#8243; box_shadow_vertical=\u00bb0px\u00bb box_shadow_blur=\u00bb80px\u00bb box_shadow_color=\u00bbrgba(0,0,0,0.2)\u00bb locked=\u00bboff\u00bb global_colors_info=\u00bb{}\u00bb][\/et_pb_image][\/et_pb_column_inner][et_pb_column_inner type=\u00bb1_2&#8243; saved_specialty_column_type=\u00bb1_2&#8243; _builder_version=\u00bb4.16&#8243; custom_padding=\u00bb|||\u00bb global_colors_info=\u00bb{}\u00bb parallax__hover=\u00bboff\u00bb parallax_method__hover=\u00bbon\u00bb custom_padding__hover=\u00bb|||\u00bb][et_pb_image src=\u00bbhttps:\/\/nyahotel.cr\/wp-content\/uploads\/2025\/07\/garden-pool-shower.jpg\u00bb alt=\u00bbJardines y Piscina\u00bb title_text=\u00bbgarden-pool-shower\u00bb align=\u00bbcenter\u00bb align_tablet=\u00bbcenter\u00bb align_phone=\u00bbcenter\u00bb align_last_edited=\u00bbon|desktop\u00bb _builder_version=\u00bb4.27.4&#8243; animation_style=\u00bbfade\u00bb animation_duration=\u00bb1500ms\u00bb box_shadow_style=\u00bbpreset1&#8243; box_shadow_vertical=\u00bb0px\u00bb box_shadow_blur=\u00bb80px\u00bb box_shadow_color=\u00bbrgba(0,0,0,0.2)\u00bb locked=\u00bboff\u00bb global_colors_info=\u00bb{}\u00bb][\/et_pb_image][\/et_pb_column_inner][\/et_pb_row_inner][\/et_pb_column][\/et_pb_section][et_pb_section fb_built=\u00bb1&#8243; _builder_version=\u00bb4.27.4&#8243; _module_preset=\u00bbdefault\u00bb background_color=\u00bbrgba(62,62,62,0.05)\u00bb global_colors_info=\u00bb{}\u00bb][et_pb_row column_structure=\u00bb2_5,3_5&#8243; _builder_version=\u00bb4.27.4&#8243; _module_preset=\u00bbdefault\u00bb background_color=\u00bb#FFFFFF\u00bb custom_margin=\u00bb0px||50px||false|false\u00bb custom_padding=\u00bb0px||0px||false|false\u00bb border_width_all=\u00bb2px\u00bb border_color_all=\u00bbRGBA(255,255,255,0)\u00bb global_colors_info=\u00bb{}\u00bb][et_pb_column type=\u00bb2_5&#8243; _builder_version=\u00bb4.27.4&#8243; _module_preset=\u00bbdefault\u00bb global_colors_info=\u00bb{}\u00bb][et_pb_image src=\u00bbhttps:\/\/nyahotel.cr\/wp-content\/uploads\/2025\/07\/garden-pool-aerial.jpg\u00bb alt=\u00bbJardines y Piscina\u00bb title_text=\u00bbJardines y Piscina\u00bb _builder_version=\u00bb4.27.4&#8243; _module_preset=\u00bbdefault\u00bb global_colors_info=\u00bb{}\u00bb][\/et_pb_image][\/et_pb_column][et_pb_column type=\u00bb3_5&#8243; _builder_version=\u00bb4.27.4&#8243; _module_preset=\u00bbdefault\u00bb background_color=\u00bbRGBA(255,255,255,0)\u00bb global_colors_info=\u00bb{}\u00bb][et_pb_text quote_border_weight=\u00bb0px\u00bb quote_border_color=\u00bbrgba(0,0,0,0)\u00bb _builder_version=\u00bb4.27.4&#8243; text_font=\u00bb||||||||\u00bb link_font=\u00bb|100|||on|||#000000|\u00bb link_text_color=\u00bb#000000&#8243; quote_font=\u00bbCormorant Garamond|700|||||||\u00bb quote_text_color=\u00bb#bf9e77&#8243; quote_line_height=\u00bb1.3em\u00bb header_font=\u00bb|700|||||||\u00bb header_2_font=\u00bb|700|||||||\u00bb header_3_font=\u00bb|700|||||||\u00bb header_3_text_color=\u00bb#000000&#8243; header_4_letter_spacing=\u00bb12px\u00bb header_5_font=\u00bb|300|||||||\u00bb header_5_text_color=\u00bb#bfbfbf\u00bb header_5_letter_spacing=\u00bb12px\u00bb header_6_font=\u00bb|700|||||||\u00bb header_6_letter_spacing=\u00bb12px\u00bb max_width=\u00bb750px\u00bb module_alignment=\u00bbleft\u00bb custom_margin=\u00bb7%||||false|false\u00bb custom_margin_tablet=\u00bb\u00bb custom_margin_phone=\u00bb\u00bb custom_margin_last_edited=\u00bbon|tablet\u00bb quote_font_size_tablet=\u00bb\u00bb quote_font_size_phone=\u00bb\u00bb quote_font_size_last_edited=\u00bbon|desktop\u00bb saved_tabs=\u00bball\u00bb locked=\u00bboff\u00bb global_colors_info=\u00bb{}\u00bb]<\/p>\n<h2> La Piscina <\/h2>\n<p>Nuestra piscina de nado se encuentra ubicada entre majestuosos \u00e1rboles de Guanacaste y Madro\u00f1o, creando un centro tranquilo. A finales de febrero, los Madro\u00f1os florecen con hermosas flores blancas, a\u00f1adiendo belleza natural a tu nado. Desde la piscina, disfruta de vistas al oc\u00e9ano y los sonidos relajantes de las olas.\t[\/et_pb_text][\/et_pb_column][\/et_pb_row][et_pb_row column_structure=\u00bb3_5,2_5&#8243; _builder_version=\u00bb4.27.4&#8243; _module_preset=\u00bbdefault\u00bb background_color=\u00bb#FFFFFF\u00bb custom_margin=\u00bb0px||0px||true|false\u00bb custom_padding=\u00bb0px||0px||true|false\u00bb global_colors_info=\u00bb{}\u00bb][et_pb_column type=\u00bb3_5&#8243; _builder_version=\u00bb4.27.4&#8243; _module_preset=\u00bbdefault\u00bb global_colors_info=\u00bb{}\u00bb][et_pb_text quote_border_weight=\u00bb0px\u00bb quote_border_color=\u00bbrgba(0,0,0,0)\u00bb _builder_version=\u00bb4.27.4&#8243; text_font=\u00bb||||||||\u00bb link_font=\u00bb|100|||on|||#000000|\u00bb link_text_color=\u00bb#000000&#8243; quote_font=\u00bbCormorant Garamond|700|||||||\u00bb quote_text_color=\u00bb#bf9e77&#8243; quote_line_height=\u00bb1.3em\u00bb header_font=\u00bb|700|||||||\u00bb header_2_font=\u00bb|700|||||||\u00bb header_3_font=\u00bb|700|||||||\u00bb header_3_text_color=\u00bb#000000&#8243; header_4_letter_spacing=\u00bb12px\u00bb header_5_font=\u00bb|300|||||||\u00bb header_5_text_color=\u00bb#bfbfbf\u00bb header_5_letter_spacing=\u00bb12px\u00bb header_6_font=\u00bb|700|||||||\u00bb header_6_letter_spacing=\u00bb12px\u00bb max_width=\u00bb750px\u00bb module_alignment=\u00bbleft\u00bb custom_margin=\u00bb9%||||false|false\u00bb custom_margin_last_edited=\u00bboff|desktop\u00bb custom_padding=\u00bb|||50px|false|false\u00bb quote_font_size_tablet=\u00bb\u00bb quote_font_size_phone=\u00bb\u00bb quote_font_size_last_edited=\u00bbon|desktop\u00bb saved_tabs=\u00bball\u00bb locked=\u00bboff\u00bb global_colors_info=\u00bb{}\u00bb]<\/p>\n<h2> Servicio en la Piscina <\/h2>\n<p>Rel\u00e1jate con nuestro servicio de bar junto a la piscina que ofrece batidos de frutas tropicales, c\u00f3cteles sin alcohol artesanales y bocadillos para todas las preferencias diet\u00e9ticas, incluyendo opciones veganas. [\/et_pb_text][\/et_pb_column][et_pb_column type=\u00bb2_5&#8243; _builder_version=\u00bb4.27.4&#8243; _module_preset=\u00bbdefault\u00bb global_colors_info=\u00bb{}\u00bb][et_pb_image src=\u00bbhttps:\/\/nyahotel.cr\/wp-content\/uploads\/2025\/07\/garden-pool-firplace.jpg\u00bb alt=\u00bbJardines y Piscina\u00bb title_text=\u00bbgarden-pool-firplace\u00bb _builder_version=\u00bb4.27.4&#8243; _module_preset=\u00bbdefault\u00bb global_colors_info=\u00bb{}\u00bb][\/et_pb_image][\/et_pb_column][\/et_pb_row][\/et_pb_section]<\/p>\n","protected":false},"excerpt":{"rendered":"<p>Rel\u00e1jate en nuestro santuario tropical donde exuberantes jardines se encuentran con aguas tranquilas, creando el espacio perfecto para descansar y conectarte con la naturaleza.Jardines y Piscina Nuestros jardines tropicales y piscina refrescante crean un oasis de paz donde puedes relajarte mientras te mantienes conectado con la incre\u00edble belleza natural de Montezuma. Dise\u00f1ados como espacios vivientes [&hellip;]<\/p>\n","protected":false},"author":1,"featured_media":101789,"parent":0,"menu_order":0,"comment_status":"closed","ping_status":"closed","template":"","meta":{"_et_pb_use_builder":"on","_et_pb_old_content":"","_et_gb_content_width":"","_joinchat":[],"footnotes":""},"class_list":["post-102020","page","type-page","status-publish","has-post-thumbnail","hentry"],"_links":{"self":[{"href":"https:\/\/www.nyahotel.cr\/es\/wp-json\/wp\/v2\/pages\/102020","targetHints":{"allow":["GET"]}}],"collection":[{"href":"https:\/\/www.nyahotel.cr\/es\/wp-json\/wp\/v2\/pages"}],"about":[{"href":"https:\/\/www.nyahotel.cr\/es\/wp-json\/wp\/v2\/types\/page"}],"author":[{"embeddable":true,"href":"https:\/\/www.nyahotel.cr\/es\/wp-json\/wp\/v2\/users\/1"}],"replies":[{"embeddable":true,"href":"https:\/\/www.nyahotel.cr\/es\/wp-json\/wp\/v2\/comments?post=102020"}],"version-history":[{"count":0,"href":"https:\/\/www.nyahotel.cr\/es\/wp-json\/wp\/v2\/pages\/102020\/revisions"}],"wp:featuredmedia":[{"embeddable":true,"href":"https:\/\/www.nyahotel.cr\/es\/wp-json\/wp\/v2\/media\/101789"}],"wp:attachment":[{"href":"https:\/\/www.nyahotel.cr\/es\/wp-json\/wp\/v2\/media?parent=102020"}],"curies":[{"name":"wp","href":"https:\/\/api.w.org\/{rel}","templated":true}]}}