{"id":102067,"date":"2025-03-14T14:35:09","date_gmt":"2025-03-14T20:35:09","guid":{"rendered":"https:\/\/nyahotel.cr\/masajes-y-servicios-de-spa\/"},"modified":"2026-01-30T13:46:33","modified_gmt":"2026-01-30T19:46:33","slug":"masajes-y-servicios-de-spa","status":"publish","type":"page","link":"https:\/\/www.nyahotel.cr\/es\/masajes-y-servicios-de-spa\/","title":{"rendered":"Masajes y Servicios de Spa"},"content":{"rendered":"<p>[et_pb_section fb_built=\u00bb1&#8243; fullwidth=\u00bbon\u00bb admin_label=\u00bbHero 3&#8243; module_class=\u00bbsfly_hero\u00bb _builder_version=\u00bb4.27.4&#8243; background_color=\u00bb#000000&#8243; locked=\u00bboff\u00bb global_colors_info=\u00bb{}\u00bb][et_pb_fullwidth_header title=\u00bbMasajes y Servicios de Spa\u00bb header_fullscreen=\u00bbon\u00bb button_one_url=\u00bb#garden-pool\u00bb background_overlay_color=\u00bbrgba(0,0,0,0.25)\u00bb module_class=\u00bbsfly_fullwidth_header\u00bb _builder_version=\u00bb4.27.4&#8243; title_font=\u00bb|700|||||||\u00bb title_font_size=\u00bb60px\u00bb content_font=\u00bb||||||||\u00bb background_image=\u00bbhttps:\/\/www.nyahotel.cr\/wp-content\/uploads\/2025\/07\/spa-in-montezuma.jpg\u00bb parallax=\u00bbon\u00bb parallax_method=\u00bbon\u00bb custom_button_two=\u00bbon\u00bb button_two_text_color=\u00bb#bf9e77&#8243; button_two_bg_color=\u00bbrgba(0,0,0,0)\u00bb button_two_border_color=\u00bb#bf9e77&#8243; button_two_font=\u00bb||||||||\u00bb button_two_use_icon=\u00bboff\u00bb animation_style=\u00bbfade\u00bb animation_duration=\u00bb1500ms\u00bb title_font_size_tablet=\u00bb48px\u00bb title_font_size_phone=\u00bb36px\u00bb title_font_size_last_edited=\u00bbon|desktop\u00bb custom_css_content=\u00bbmax-width: 600px;||margin-bottom: 15px;\u00bb button_one_text_color_hover=\u00bb#ffffff\u00bb button_two_text_color_hover=\u00bb#000000&#8243; button_one_border_color_hover=\u00bb#ffffff\u00bb button_two_border_color_hover=\u00bb#ffffff\u00bb button_one_bg_color_hover=\u00bbrgba(255,255,255,0)\u00bb button_two_bg_color_hover=\u00bb#ffffff\u00bb global_colors_info=\u00bb{}\u00bb button_one_text_size__hover_enabled=\u00bboff\u00bb button_two_text_size__hover_enabled=\u00bboff\u00bb button_one_text_color__hover_enabled=\u00bbon\u00bb button_one_text_color__hover=\u00bb#bf9e77&#8243; button_two_text_color__hover_enabled=\u00bbon\u00bb button_two_text_color__hover=\u00bb#ffffff\u00bb button_one_border_width__hover_enabled=\u00bboff\u00bb button_two_border_width__hover_enabled=\u00bboff\u00bb button_one_border_color__hover_enabled=\u00bbon\u00bb button_one_border_color__hover=\u00bbrgba(191,158,119,0.99)\u00bb button_two_border_color__hover_enabled=\u00bbon\u00bb button_two_border_color__hover=\u00bbrgba(191,158,119,0.99)\u00bb button_one_border_radius__hover_enabled=\u00bboff\u00bb button_two_border_radius__hover_enabled=\u00bboff\u00bb button_one_letter_spacing__hover_enabled=\u00bboff\u00bb button_two_letter_spacing__hover_enabled=\u00bboff\u00bb button_one_bg_color__hover_enabled=\u00bbon\u00bb button_one_bg_color__hover=\u00bbrgba(255,255,255,0)\u00bb button_two_bg_color__hover_enabled=\u00bbon\u00bb button_two_bg_color__hover=\u00bb#bf9e77&#8243;]Restaura tu cuerpo y mente con tratamientos de masaje terap\u00e9utico en nuestro tranquilo entorno selv\u00e1tico, donde la sanaci\u00f3n ocurre de manera natural.\t[\/et_pb_fullwidth_header][\/et_pb_section][et_pb_section fb_built=\u00bb1&#8243; admin_label=\u00bbFeature 1&#8243; module_class=\u00bbsfly_feature\u00bb _builder_version=\u00bb4.27.4&#8243; background_color=\u00bb#4D4E20&#8243; background_image=\u00bbhttps:\/\/www.nyahotel.cr\/wp-content\/uploads\/2025\/03\/wellness-pattern.png\u00bb parallax=\u00bbon\u00bb custom_css_free_form=\u00bb\/* Side by Side Buttons v2 *\/||.side-by-side-2 {||display: flex;||flex-wrap: wrap;||gap: 15px;||}\u00bb locked=\u00bboff\u00bb global_colors_info=\u00bb{}\u00bb][et_pb_row column_structure=\u00bb1_2,1_2&#8243; use_custom_gutter=\u00bbon\u00bb gutter_width=\u00bb1&#8243; make_equal=\u00bbon\u00bb padding_top_bottom_link_1=\u00bbfalse\u00bb padding_top_bottom_link_2=\u00bbtrue\u00bb padding_left_right_link_1=\u00bbfalse\u00bb padding_left_right_link_2=\u00bbtrue\u00bb _builder_version=\u00bb4.27.4&#8243; transform_scale_tablet=\u00bb\u00bb transform_scale_phone=\u00bb\u00bb transform_scale_last_edited=\u00bbon|desktop\u00bb transform_translate_tablet=\u00bb0px|0px\u00bb transform_translate_phone=\u00bb\u00bb transform_translate_last_edited=\u00bbon|tablet\u00bb transform_translate_linked=\u00bboff\u00bb transform_rotate_tablet=\u00bb\u00bb transform_rotate_phone=\u00bb\u00bb transform_rotate_last_edited=\u00bbon|desktop\u00bb transform_skew_tablet=\u00bb\u00bb transform_skew_phone=\u00bb\u00bb transform_skew_last_edited=\u00bbon|desktop\u00bb transform_origin_tablet=\u00bb\u00bb transform_origin_phone=\u00bb\u00bb transform_origin_last_edited=\u00bbon|desktop\u00bb custom_margin=\u00bb||||false|false\u00bb custom_padding=\u00bb|||\u00bb global_colors_info=\u00bb{}\u00bb][et_pb_column type=\u00bb1_2&#8243; module_class=\u00bbcolumn1&#8243; _builder_version=\u00bb4.27.4&#8243; background_image=\u00bbhttps:\/\/www.nyahotel.cr\/wp-content\/uploads\/2025\/07\/spa-massage-montezuma.jpg\u00bb custom_padding=\u00bb150px||150px||true|false\u00bb box_shadow_style=\u00bbpreset1&#8243; box_shadow_vertical=\u00bb0px\u00bb box_shadow_blur=\u00bb80px\u00bb box_shadow_color=\u00bbrgba(0,0,0,0.2)\u00bb global_colors_info=\u00bb{}\u00bb custom_padding__hover=\u00bb|||\u00bb][et_pb_divider color=\u00bbrgba(0,0,0,0)\u00bb module_class=\u00bbdivider_spacer\u00bb _builder_version=\u00bb4.16&#8243; global_colors_info=\u00bb{}\u00bb][\/et_pb_divider][\/et_pb_column][et_pb_column type=\u00bb1_2&#8243; module_class=\u00bbside-by-side-2&#8243; _builder_version=\u00bb4.27.4&#8243; background_color=\u00bb#ffffff\u00bb transform_scale_tablet=\u00bb\u00bb transform_scale_phone=\u00bb\u00bb transform_scale_last_edited=\u00bbon|phone\u00bb transform_translate=\u00bb-50px|-37px\u00bb transform_translate_tablet=\u00bb-50px|-37px\u00bb transform_translate_phone=\u00bb0px|0px\u00bb transform_translate_last_edited=\u00bbon|desktop\u00bb transform_translate_linked=\u00bboff\u00bb transform_rotate_tablet=\u00bb\u00bb transform_rotate_phone=\u00bb\u00bb transform_rotate_last_edited=\u00bbon|phone\u00bb transform_skew_tablet=\u00bb\u00bb transform_skew_phone=\u00bb\u00bb transform_skew_last_edited=\u00bbon|phone\u00bb transform_origin_tablet=\u00bb\u00bb transform_origin_phone=\u00bb\u00bb transform_origin_last_edited=\u00bbon|phone\u00bb transform_styles_last_edited=\u00bbon|desktop\u00bb vertical_offset=\u00bb0px\u00bb z_index=\u00bb99&#8243; custom_padding=\u00bb5%|5%|5%|5%|false|false\u00bb custom_padding_tablet=\u00bb\u00bb custom_padding_phone=\u00bb10%|10%|10%|10%|true|true\u00bb custom_padding_last_edited=\u00bbon|phone\u00bb transform_styles_tablet=\u00bb\u00bb transform_styles_phone=\u00bb\u00bb box_shadow_style=\u00bbpreset1&#8243; box_shadow_vertical=\u00bb0px\u00bb box_shadow_blur=\u00bb80px\u00bb box_shadow_color=\u00bbrgba(0,0,0,0.2)\u00bb global_colors_info=\u00bb{}\u00bb padding_phone=\u00bb10%|10%|10%|10%|true|true\u00bb padding_last_edited=\u00bbon|phone\u00bb custom_padding__hover=\u00bb|||\u00bb][et_pb_text quote_border_weight=\u00bb0px\u00bb quote_border_color=\u00bbrgba(0,0,0,0)\u00bb _builder_version=\u00bb4.27.4&#8243; text_font=\u00bb||||||||\u00bb link_font=\u00bb|100|||on|||#000000|\u00bb link_text_color=\u00bb#000000&#8243; quote_font=\u00bbPlayfair Display||on||||||\u00bb quote_text_color=\u00bb#000000&#8243; quote_line_height=\u00bb1.3em\u00bb header_font=\u00bb|700|||||||\u00bb header_2_font=\u00bb|700|||||||\u00bb header_2_font_size=\u00bb34px\u00bb header_2_line_height=\u00bb1.1em\u00bb header_3_font=\u00bb|700|||||||\u00bb header_3_text_color=\u00bb#000000&#8243; header_4_letter_spacing=\u00bb12px\u00bb header_5_font=\u00bb|300|||||||\u00bb header_5_text_color=\u00bb#bfbfbf\u00bb header_5_letter_spacing=\u00bb12px\u00bb header_6_font=\u00bb|700|||||||\u00bb header_6_letter_spacing=\u00bb12px\u00bb module_alignment=\u00bbleft\u00bb custom_margin_tablet=\u00bb\u00bb custom_margin_phone=\u00bb\u00bb custom_margin_last_edited=\u00bbon|desktop\u00bb quote_font_size_tablet=\u00bb\u00bb quote_font_size_phone=\u00bb\u00bb quote_font_size_last_edited=\u00bbon|desktop\u00bb saved_tabs=\u00bball\u00bb locked=\u00bboff\u00bb global_colors_info=\u00bb{}\u00bb]<\/p>\n<h2>Masajes y Servicios de Spa <\/h2>\n<p>Yu Wellness Studio ofrece terapia de masaje profesional en un ambiente pac\u00edfico donde los sonidos de la naturaleza mejoran tu experiencia de relajaci\u00f3n. Nuestros terapeutas capacitados brindan tratamientos personalizados dise\u00f1ados para liberar tensi\u00f3n, restaurar el equilibrio y complementar tu escapada a Montezuma.\t\t\t[\/et_pb_text][et_pb_button button_url=\u00bb@ET-DC@eyJkeW5hbWljIjp0cnVlLCJjb250ZW50IjoicG9zdF9saW5rX3VybF9hdHRhY2htZW50Iiwic2V0dGluZ3MiOnsicG9zdF9pZCI6IjEwMTMxMiIsImVuYWJsZV9odG1sIjoib2ZmIn19@\u00bb url_new_window=\u00bbon\u00bb button_text=\u00bbMenu\u00bb _builder_version=\u00bb4.27.4&#8243; _dynamic_attributes=\u00bbbutton_url\u00bb custom_button=\u00bbon\u00bb button_font=\u00bb||||||||\u00bb button_use_icon=\u00bboff\u00bb custom_margin=\u00bb30px||||false\u00bb custom_padding=\u00bb8px|36px|8px|36px|true|true\u00bb locked=\u00bboff\u00bb global_colors_info=\u00bb{}\u00bb button_text_size__hover_enabled=\u00bboff\u00bb button_one_text_size__hover_enabled=\u00bboff\u00bb button_two_text_size__hover_enabled=\u00bboff\u00bb button_text_color__hover_enabled=\u00bboff\u00bb button_one_text_color__hover_enabled=\u00bboff\u00bb button_two_text_color__hover_enabled=\u00bboff\u00bb button_border_width__hover_enabled=\u00bboff\u00bb button_one_border_width__hover_enabled=\u00bboff\u00bb button_two_border_width__hover_enabled=\u00bboff\u00bb button_border_color__hover_enabled=\u00bboff\u00bb button_one_border_color__hover_enabled=\u00bboff\u00bb button_two_border_color__hover_enabled=\u00bboff\u00bb button_border_radius__hover_enabled=\u00bboff\u00bb button_one_border_radius__hover_enabled=\u00bboff\u00bb button_two_border_radius__hover_enabled=\u00bboff\u00bb button_letter_spacing__hover_enabled=\u00bboff\u00bb button_one_letter_spacing__hover_enabled=\u00bboff\u00bb button_two_letter_spacing__hover_enabled=\u00bboff\u00bb button_bg_color__hover_enabled=\u00bboff\u00bb button_one_bg_color__hover_enabled=\u00bboff\u00bb button_two_bg_color__hover_enabled=\u00bboff\u00bb][\/et_pb_button][et_pb_button button_url=\u00bbhttps:\/\/wa.me\/50686093999&#8243; button_text=\u00bbReserve ahora\u00bb _builder_version=\u00bb4.27.5&#8243; custom_button=\u00bbon\u00bb button_font=\u00bb||||||||\u00bb button_use_icon=\u00bboff\u00bb custom_margin=\u00bb30px||||false\u00bb custom_padding=\u00bb8px|36px|8px|36px|true|true\u00bb hover_enabled=\u00bb0&#8243; locked=\u00bboff\u00bb global_colors_info=\u00bb{}\u00bb button_text_size__hover_enabled=\u00bboff\u00bb button_one_text_size__hover_enabled=\u00bboff\u00bb button_two_text_size__hover_enabled=\u00bboff\u00bb button_text_color__hover_enabled=\u00bboff\u00bb button_one_text_color__hover_enabled=\u00bboff\u00bb button_two_text_color__hover_enabled=\u00bboff\u00bb button_border_width__hover_enabled=\u00bboff\u00bb button_one_border_width__hover_enabled=\u00bboff\u00bb button_two_border_width__hover_enabled=\u00bboff\u00bb button_border_color__hover_enabled=\u00bboff\u00bb button_one_border_color__hover_enabled=\u00bboff\u00bb button_two_border_color__hover_enabled=\u00bboff\u00bb button_border_radius__hover_enabled=\u00bboff\u00bb button_one_border_radius__hover_enabled=\u00bboff\u00bb button_two_border_radius__hover_enabled=\u00bboff\u00bb button_letter_spacing__hover_enabled=\u00bboff\u00bb button_one_letter_spacing__hover_enabled=\u00bboff\u00bb button_two_letter_spacing__hover_enabled=\u00bboff\u00bb button_bg_color__hover_enabled=\u00bboff\u00bb button_one_bg_color__hover_enabled=\u00bboff\u00bb button_two_bg_color__hover_enabled=\u00bboff\u00bb sticky_enabled=\u00bb0&#8243;][\/et_pb_button][\/et_pb_column][\/et_pb_row][\/et_pb_section][et_pb_section fb_built=\u00bb1&#8243; _builder_version=\u00bb4.27.4&#8243; _module_preset=\u00bbdefault\u00bb custom_margin=\u00bb0px||0px||true|false\u00bb custom_padding=\u00bb0px||0px||true|false\u00bb global_colors_info=\u00bb{}\u00bb][et_pb_row column_structure=\u00bb1_2,1_2&#8243; use_custom_gutter=\u00bbon\u00bb gutter_width=\u00bb1&#8243; make_equal=\u00bbon\u00bb padding_top_bottom_link_2=\u00bbtrue\u00bb padding_left_right_link_2=\u00bbtrue\u00bb module_class=\u00bb et_pb_row_fullwidth\u00bb _builder_version=\u00bb4.27.4&#8243; width=\u00bb100%\u00bb width_tablet=\u00bb100%\u00bb width_phone=\u00bb100%\u00bb width_last_edited=\u00bbon|desktop\u00bb max_width=\u00bb100%\u00bb max_width_tablet=\u00bb100%\u00bb max_width_phone=\u00bb100%\u00bb max_width_last_edited=\u00bbon|desktop\u00bb custom_padding=\u00bb0px||0px||true\u00bb make_fullwidth=\u00bbon\u00bb custom_width_px=\u00bb750px\u00bb locked=\u00bboff\u00bb global_colors_info=\u00bb{}\u00bb][et_pb_column type=\u00bb1_2&#8243; module_class=\u00bbcolumn1&#8243; _builder_version=\u00bb4.27.4&#8243; background_image=\u00bbhttps:\/\/www.nyahotel.cr\/wp-content\/uploads\/2025\/07\/massage-in-montezuma.jpg\u00bb custom_padding=\u00bb150px||150px||true|false\u00bb global_colors_info=\u00bb{}\u00bb custom_padding__hover=\u00bb|||\u00bb][et_pb_divider color=\u00bbrgba(0,0,0,0)\u00bb module_class=\u00bbdivider_spacer\u00bb _builder_version=\u00bb4.27.4&#8243; global_colors_info=\u00bb{}\u00bb][\/et_pb_divider][\/et_pb_column][et_pb_column type=\u00bb1_2&#8243; module_class=\u00bbcolumn2&#8243; _builder_version=\u00bb4.27.4&#8243; background_color=\u00bb#FFFFFF\u00bb custom_padding=\u00bb5%|5%|5%|5%\u00bb custom_padding_tablet=\u00bb5%|5%|5%|5%\u00bb custom_padding_phone=\u00bb10%|10%|10%|10%|true|true\u00bb custom_padding_last_edited=\u00bbon|phone\u00bb global_colors_info=\u00bb{}\u00bb padding_phone=\u00bb10%|10%|10%|10%|true|true\u00bb padding_last_edited=\u00bbon|phone\u00bb custom_padding__hover=\u00bb|||\u00bb][et_pb_text quote_border_weight=\u00bb0px\u00bb quote_border_color=\u00bbrgba(0,0,0,0)\u00bb _builder_version=\u00bb4.27.4&#8243; text_font=\u00bb||||||||\u00bb link_font=\u00bb|100|||on|||#000000|\u00bb link_text_color=\u00bb#000000&#8243; quote_font=\u00bbCormorant Garamond|700|||||||\u00bb quote_text_color=\u00bb#bf9e77&#8243; quote_line_height=\u00bb1.3em\u00bb header_font=\u00bb|700|||||||\u00bb header_2_font=\u00bb|700|||||||\u00bb header_3_font=\u00bb|700|||||||\u00bb header_3_text_color=\u00bb#000000&#8243; header_4_letter_spacing=\u00bb12px\u00bb header_5_font=\u00bb|300|||||||\u00bb header_5_text_color=\u00bb#bfbfbf\u00bb header_5_letter_spacing=\u00bb12px\u00bb header_6_font=\u00bb|700|||||||\u00bb header_6_letter_spacing=\u00bb12px\u00bb module_alignment=\u00bbleft\u00bb custom_margin=\u00bb||40px||false|false\u00bb quote_font_size_tablet=\u00bb\u00bb quote_font_size_phone=\u00bb\u00bb quote_font_size_last_edited=\u00bbon|desktop\u00bb saved_tabs=\u00bball\u00bb locked=\u00bboff\u00bb global_colors_info=\u00bb{}\u00bb]<\/p>\n<h3>Servicios de Masaje<\/h3>\n<p>Date un gusto con sesiones de masaje terap\u00e9utico adaptadas a tus necesidades individuales. Elige entre masajes de tejido profundo que abordan la tensi\u00f3n muscular y los nudos, o tratamientos relajantes enfocados en el alivio general del estr\u00e9s y la rejuvenecimiento. <\/p>\n<p>[\/et_pb_text][et_pb_text quote_border_weight=\u00bb0px\u00bb quote_border_color=\u00bbrgba(0,0,0,0)\u00bb _builder_version=\u00bb4.27.4&#8243; text_font=\u00bb||||||||\u00bb link_font=\u00bb|100|||on|||#000000|\u00bb link_text_color=\u00bb#000000&#8243; quote_font=\u00bbCormorant Garamond|700|||||||\u00bb quote_text_color=\u00bb#bf9e77&#8243; quote_line_height=\u00bb1.3em\u00bb header_font=\u00bb|700|||||||\u00bb header_2_font=\u00bb|700|||||||\u00bb header_3_font=\u00bb|700|||||||\u00bb header_3_text_color=\u00bb#000000&#8243; header_4_letter_spacing=\u00bb12px\u00bb header_5_font=\u00bb|300|||||||\u00bb header_5_text_color=\u00bb#bfbfbf\u00bb header_5_letter_spacing=\u00bb12px\u00bb header_6_font=\u00bb|700|||||||\u00bb header_6_letter_spacing=\u00bb12px\u00bb module_alignment=\u00bbleft\u00bb custom_margin=\u00bb||||false|false\u00bb quote_font_size_tablet=\u00bb\u00bb quote_font_size_phone=\u00bb\u00bb quote_font_size_last_edited=\u00bbon|desktop\u00bb saved_tabs=\u00bball\u00bb locked=\u00bboff\u00bb global_colors_info=\u00bb{}\u00bb]<\/p>\n<h3>Opciones de Sesiones<\/h3>\n<p>Nuestra terapia de masaje est\u00e1 disponible en dos duraciones para adaptarse a tu horario y preferencias:<\/p>\n<ul>\n<li>Sesiones de 60 minutos &#8211; Perfectas para alivio y relajaci\u00f3n focalizada<\/li>\n<li>Sesiones de 90 minutos &#8211; Tratamientos extendidos para una restauraci\u00f3n m\u00e1s profunda <\/li>\n<\/ul>\n<p>[\/et_pb_text][et_pb_text quote_border_weight=\u00bb0px\u00bb quote_border_color=\u00bbrgba(0,0,0,0)\u00bb _builder_version=\u00bb4.27.4&#8243; text_font=\u00bb||||||||\u00bb link_font=\u00bb|100|||on|||#000000|\u00bb link_text_color=\u00bb#000000&#8243; quote_font=\u00bbCormorant Garamond|700|||||||\u00bb quote_text_color=\u00bb#bf9e77&#8243; quote_line_height=\u00bb1.3em\u00bb header_font=\u00bb|700|||||||\u00bb header_2_font=\u00bb|700|||||||\u00bb header_3_font=\u00bb|700|||||||\u00bb header_3_text_color=\u00bb#000000&#8243; header_4_letter_spacing=\u00bb12px\u00bb header_5_font=\u00bb|300|||||||\u00bb header_5_text_color=\u00bb#bfbfbf\u00bb header_5_letter_spacing=\u00bb12px\u00bb header_6_font=\u00bb|700|||||||\u00bb header_6_letter_spacing=\u00bb12px\u00bb module_alignment=\u00bbleft\u00bb custom_margin=\u00bb||40px||false|false\u00bb quote_font_size_tablet=\u00bb\u00bb quote_font_size_phone=\u00bb\u00bb quote_font_size_last_edited=\u00bbon|desktop\u00bb saved_tabs=\u00bball\u00bb locked=\u00bboff\u00bb global_colors_info=\u00bb{}\u00bb]<\/p>\n<h3>Tratamientos Especializados<\/h3>\n<p>Cada sesi\u00f3n de masaje puede personalizarse con t\u00e9cnicas especializadas dise\u00f1adas para promover la relajaci\u00f3n, aliviar la tensi\u00f3n cr\u00f3nica y mejorar tu bienestar general durante tu estancia.<\/p>\n<p>[\/et_pb_text][\/et_pb_column][\/et_pb_row][\/et_pb_section][et_pb_section fb_built=\u00bb1&#8243; admin_label=\u00bbFeature 16&#8243; module_class=\u00bbsfly_feature  sfly_black_overlay\u00bb _builder_version=\u00bb4.27.4&#8243; background_color=\u00bb#000000&#8243; background_image=\u00bbhttps:\/\/www.nyahotel.cr\/wp-content\/uploads\/2025\/07\/massage-in-montezuma.jpg\u00bb parallax=\u00bbon\u00bb locked=\u00bboff\u00bb global_colors_info=\u00bb{}\u00bb][et_pb_row _builder_version=\u00bb4.16&#8243; global_colors_info=\u00bb{}\u00bb][et_pb_column type=\u00bb4_4&#8243; _builder_version=\u00bb4.16&#8243; custom_padding=\u00bb|||\u00bb global_colors_info=\u00bb{}\u00bb custom_padding__hover=\u00bb|||\u00bb][et_pb_text quote_border_weight=\u00bb0px\u00bb quote_border_color=\u00bbrgba(0,0,0,0)\u00bb _builder_version=\u00bb4.27.4&#8243; text_font=\u00bb||||||||\u00bb link_font=\u00bb|100|||on|||#000000|\u00bb link_text_color=\u00bb#000000&#8243; quote_font=\u00bbPlayfair Display||on||||||\u00bb quote_text_color=\u00bb#000000&#8243; quote_line_height=\u00bb1.3em\u00bb header_font=\u00bb|700|||||||\u00bb header_2_font=\u00bb|700|||||||\u00bb header_3_font=\u00bb|700|||||||\u00bb header_3_text_color=\u00bb#000000&#8243; header_4_letter_spacing=\u00bb12px\u00bb header_5_font=\u00bb|300|||||||\u00bb header_5_text_color=\u00bb#bfbfbf\u00bb header_5_letter_spacing=\u00bb12px\u00bb header_6_font=\u00bb|700|||||||\u00bb header_6_letter_spacing=\u00bb12px\u00bb text_orientation=\u00bbcenter\u00bb background_layout=\u00bbdark\u00bb max_width=\u00bb600px\u00bb module_alignment=\u00bbcenter\u00bb custom_margin_tablet=\u00bb\u00bb custom_margin_phone=\u00bb\u00bb custom_margin_last_edited=\u00bbon|tablet\u00bb animation_style=\u00bbfade\u00bb quote_font_size_tablet=\u00bb\u00bb quote_font_size_phone=\u00bb\u00bb quote_font_size_last_edited=\u00bbon|desktop\u00bb saved_tabs=\u00bball\u00bb locked=\u00bboff\u00bb global_colors_info=\u00bb{}\u00bb]<\/p>\n<h2> Reserva tu Tratamiento <\/h2>\n<p>Reserva tu sesi\u00f3n de masaje con anticipaci\u00f3n para asegurar disponibilidad en tu horario preferido. Nuestros terapeutas consultar\u00e1n contigo para crear el tratamiento m\u00e1s beneficioso para tus necesidades. [\/et_pb_text][\/et_pb_column][\/et_pb_row][\/et_pb_section]<\/p>\n","protected":false},"excerpt":{"rendered":"<p>Restaura tu cuerpo y mente con tratamientos de masaje terap\u00e9utico en nuestro tranquilo entorno selv\u00e1tico, donde la sanaci\u00f3n ocurre de manera natural. Masajes y Servicios de Spa Yu Wellness Studio ofrece terapia de masaje profesional en un ambiente pac\u00edfico donde los sonidos de la naturaleza mejoran tu experiencia de relajaci\u00f3n. Nuestros terapeutas capacitados brindan tratamientos [&hellip;]<\/p>\n","protected":false},"author":1,"featured_media":101946,"parent":0,"menu_order":0,"comment_status":"closed","ping_status":"closed","template":"","meta":{"_et_pb_use_builder":"on","_et_pb_old_content":"","_et_gb_content_width":"","_joinchat":[],"footnotes":""},"class_list":["post-102067","page","type-page","status-publish","has-post-thumbnail","hentry"],"_links":{"self":[{"href":"https:\/\/www.nyahotel.cr\/es\/wp-json\/wp\/v2\/pages\/102067","targetHints":{"allow":["GET"]}}],"collection":[{"href":"https:\/\/www.nyahotel.cr\/es\/wp-json\/wp\/v2\/pages"}],"about":[{"href":"https:\/\/www.nyahotel.cr\/es\/wp-json\/wp\/v2\/types\/page"}],"author":[{"embeddable":true,"href":"https:\/\/www.nyahotel.cr\/es\/wp-json\/wp\/v2\/users\/1"}],"replies":[{"embeddable":true,"href":"https:\/\/www.nyahotel.cr\/es\/wp-json\/wp\/v2\/comments?post=102067"}],"version-history":[{"count":2,"href":"https:\/\/www.nyahotel.cr\/es\/wp-json\/wp\/v2\/pages\/102067\/revisions"}],"predecessor-version":[{"id":102995,"href":"https:\/\/www.nyahotel.cr\/es\/wp-json\/wp\/v2\/pages\/102067\/revisions\/102995"}],"wp:featuredmedia":[{"embeddable":true,"href":"https:\/\/www.nyahotel.cr\/es\/wp-json\/wp\/v2\/media\/101946"}],"wp:attachment":[{"href":"https:\/\/www.nyahotel.cr\/es\/wp-json\/wp\/v2\/media?parent=102067"}],"curies":[{"name":"wp","href":"https:\/\/api.w.org\/{rel}","templated":true}]}}