{"id":102070,"date":"2025-03-05T11:27:30","date_gmt":"2025-03-05T17:27:30","guid":{"rendered":"https:\/\/nyahotel.cr\/actualizaciones\/"},"modified":"2026-02-09T15:28:31","modified_gmt":"2026-02-09T21:28:31","slug":"actualizaciones","status":"publish","type":"page","link":"https:\/\/www.nyahotel.cr\/es\/actualizaciones\/","title":{"rendered":"Actualizaciones"},"content":{"rendered":"<p>[et_pb_section fb_built=\u00bb1&#8243; fullwidth=\u00bbon\u00bb admin_label=\u00bbHero 3&#8243; module_class=\u00bbsfly_hero\u00bb _builder_version=\u00bb4.27.4&#8243; background_color=\u00bb#000000&#8243; locked=\u00bboff\u00bb global_colors_info=\u00bb{}\u00bb][et_pb_fullwidth_header title=\u00bb15 datos fascinantes sobre Costa Rica y relajaci\u00f3n en el Hotel nYa Montezuma\u00bb header_fullscreen=\u00bbon\u00bb background_overlay_color=\u00bbrgba(0,0,0,0.25)\u00bb module_class=\u00bbsfly_fullwidth_header\u00bb _builder_version=\u00bb4.27.4&#8243; title_font=\u00bb|700|||||||\u00bb title_font_size=\u00bb60px\u00bb content_font=\u00bb||||||||\u00bb background_image=\u00bbhttps:\/\/www.nyahotel.cr\/wp-content\/uploads\/2025\/03\/montezuma-2.jpg\u00bb parallax=\u00bbon\u00bb parallax_method=\u00bbon\u00bb custom_button_two=\u00bbon\u00bb button_two_text_color=\u00bb#bf9e77&#8243; button_two_bg_color=\u00bbrgba(0,0,0,0)\u00bb button_two_border_color=\u00bb#bf9e77&#8243; button_two_font=\u00bb||||||||\u00bb button_two_use_icon=\u00bboff\u00bb animation_style=\u00bbfade\u00bb animation_duration=\u00bb1500ms\u00bb title_font_size_tablet=\u00bb48px\u00bb title_font_size_phone=\u00bb36px\u00bb title_font_size_last_edited=\u00bbon|desktop\u00bb custom_css_content=\u00bbmax-width: 600px;||margin-bottom: 15px;\u00bb button_one_text_color_hover=\u00bb#ffffff\u00bb button_two_text_color_hover=\u00bb#000000&#8243; button_one_border_color_hover=\u00bb#ffffff\u00bb button_two_border_color_hover=\u00bb#ffffff\u00bb button_one_bg_color_hover=\u00bbrgba(255,255,255,0)\u00bb button_two_bg_color_hover=\u00bb#ffffff\u00bb global_colors_info=\u00bb{}\u00bb button_one_text_size__hover_enabled=\u00bboff\u00bb button_two_text_size__hover_enabled=\u00bboff\u00bb button_one_text_color__hover_enabled=\u00bbon\u00bb button_one_text_color__hover=\u00bb#bf9e77&#8243; button_two_text_color__hover_enabled=\u00bbon\u00bb button_two_text_color__hover=\u00bb#ffffff\u00bb button_one_border_width__hover_enabled=\u00bboff\u00bb button_two_border_width__hover_enabled=\u00bboff\u00bb button_one_border_color__hover_enabled=\u00bbon\u00bb button_one_border_color__hover=\u00bbrgba(191,158,119,0.99)\u00bb button_two_border_color__hover_enabled=\u00bbon\u00bb button_two_border_color__hover=\u00bbrgba(191,158,119,0.99)\u00bb button_one_border_radius__hover_enabled=\u00bboff\u00bb button_two_border_radius__hover_enabled=\u00bboff\u00bb button_one_letter_spacing__hover_enabled=\u00bboff\u00bb button_two_letter_spacing__hover_enabled=\u00bboff\u00bb button_one_bg_color__hover_enabled=\u00bbon\u00bb button_one_bg_color__hover=\u00bbrgba(255,255,255,0)\u00bb button_two_bg_color__hover_enabled=\u00bbon\u00bb button_two_bg_color__hover=\u00bb#bf9e77&#8243;]<\/p>\n<p>Datos sobre Costa Rica<\/p>\n<p>[\/et_pb_fullwidth_header][\/et_pb_section][et_pb_section fb_built=\u00bb1&#8243; admin_label=\u00bbBlog 2&#8243; module_class=\u00bbsfly_blog\u00bb _builder_version=\u00bb4.27.4&#8243; background_color=\u00bb#f2f2f2&#8243; custom_padding=\u00bb|||\u00bb locked=\u00bboff\u00bb global_colors_info=\u00bb{}\u00bb][et_pb_row _builder_version=\u00bb4.27.4&#8243; locked=\u00bboff\u00bb global_colors_info=\u00bb{}\u00bb][et_pb_column type=\u00bb4_4&#8243; module_class=\u00bbcolumn2&#8243; _builder_version=\u00bb4.16&#8243; custom_padding=\u00bb|||\u00bb global_colors_info=\u00bb{}\u00bb custom_padding__hover=\u00bb|||\u00bb][et_pb_text quote_border_weight=\u00bb0px\u00bb quote_border_color=\u00bbrgba(0,0,0,0)\u00bb _builder_version=\u00bb4.27.4&#8243; text_font=\u00bb||||||||\u00bb link_font=\u00bb|100|||on|||#000000|\u00bb link_text_color=\u00bb#000000&#8243; quote_font=\u00bbPlayfair Display||on||||||\u00bb quote_text_color=\u00bb#000000&#8243; quote_line_height=\u00bb1.3em\u00bb header_font=\u00bb|700|||||||\u00bb header_2_font=\u00bb|700|||||||\u00bb header_3_font=\u00bb|700|||||||\u00bb header_3_text_color=\u00bb#000000&#8243; header_4_letter_spacing=\u00bb12px\u00bb header_5_font=\u00bb|300|||||||\u00bb header_5_text_color=\u00bb#bfbfbf\u00bb header_5_letter_spacing=\u00bb12px\u00bb header_6_font=\u00bb|700|||||||\u00bb header_6_letter_spacing=\u00bb12px\u00bb module_alignment=\u00bbleft\u00bb custom_margin_tablet=\u00bb\u00bb custom_margin_phone=\u00bb\u00bb custom_margin_last_edited=\u00bbon|tablet\u00bb quote_font_size_tablet=\u00bb\u00bb quote_font_size_phone=\u00bb\u00bb quote_font_size_last_edited=\u00bbon|desktop\u00bb saved_tabs=\u00bball\u00bb locked=\u00bboff\u00bb global_colors_info=\u00bb{}\u00bb]<\/p>\n<h2>Datos sobre Costa Rica<\/h2>\n<p>En Nya Hotel, cada habitaci\u00f3n cuidadosamente dise\u00f1ada sirve como un santuario tranquilo, brindando a los hu\u00e9spedes un espacio perfecto para relajarse. Sum\u00e9rjase en los sonidos relajantes de la selva tropical y disfrute de la refrescante brisa del oc\u00e9ano mientras se relaja en su oasis privado. La mayor\u00eda de las habitaciones vienen equipadas con comodidades esenciales como aire acondicionado, ventiladores de techo, caf\u00e9 de especialidad y balcones o terrazas, ideales para disfrutar de su caf\u00e9 de la ma\u00f1ana o de sus reflexiones vespertinas despu\u00e9s de un d\u00eda de aventuras.<\/p>\n<p>[\/et_pb_text][\/et_pb_column][\/et_pb_row][et_pb_row _builder_version=\u00bb4.16&#8243; custom_padding=\u00bb||0px|\u00bb global_colors_info=\u00bb{}\u00bb][et_pb_column type=\u00bb4_4&#8243; _builder_version=\u00bb4.16&#8243; custom_padding=\u00bb|||\u00bb global_colors_info=\u00bb{}\u00bb custom_padding__hover=\u00bb|||\u00bb][et_pb_blog fullwidth=\u00bboff\u00bb posts_number=\u00bb20&#8243; include_categories=\u00bb1&#8243; excerpt_length=\u00bb200&#8243; show_more=\u00bbon\u00bb show_author=\u00bboff\u00bb show_categories=\u00bboff\u00bb use_overlay=\u00bbon\u00bb overlay_icon_color=\u00bb#ffffff\u00bb hover_overlay_color=\u00bbrgba(0,0,0,0.9)\u00bb hover_icon=\u00bb&#x4c;||divi||400&#8243; masonry_tile_background_color=\u00bbrgba(0,0,0,0)\u00bb module_class=\u00bbpa-blog-equal-height\u00bb _builder_version=\u00bb4.27.5&#8243; header_font=\u00bb|700|||||||\u00bb header_font_size=\u00bb25px\u00bb body_font_size=\u00bb16px\u00bb meta_font=\u00bbPathway Gothic One||||||||\u00bb meta_text_color=\u00bb#8c8c8c\u00bb meta_font_size=\u00bb16px\u00bb custom_padding=\u00bb|||\u00bb animation_style=\u00bbfade\u00bb hover_enabled=\u00bb0&#8243; header_font_size_tablet=\u00bb25px\u00bb header_font_size_phone=\u00bb24px\u00bb header_font_size_last_edited=\u00bbon|desktop\u00bb meta_font_size_tablet=\u00bb\u00bb meta_font_size_phone=\u00bb14px\u00bb meta_font_size_last_edited=\u00bbon|phone\u00bb border_color_all=\u00bb#f2f2f2&#8243; global_colors_info=\u00bb{}\u00bb sticky_enabled=\u00bb0&#8243;][\/et_pb_blog][\/et_pb_column][\/et_pb_row][\/et_pb_section]<\/p>\n","protected":false},"excerpt":{"rendered":"<p>Datos sobre Costa RicaDatos sobre Costa Rica En Nya Hotel, cada habitaci\u00f3n cuidadosamente dise\u00f1ada sirve como un santuario tranquilo, brindando a los hu\u00e9spedes un espacio perfecto para relajarse. Sum\u00e9rjase en los sonidos relajantes de la selva tropical y disfrute de la refrescante brisa del oc\u00e9ano mientras se relaja en su oasis privado. La mayor\u00eda de [&hellip;]<\/p>\n","protected":false},"author":1,"featured_media":0,"parent":0,"menu_order":0,"comment_status":"closed","ping_status":"closed","template":"","meta":{"_et_pb_use_builder":"on","_et_pb_old_content":"","_et_gb_content_width":"","_joinchat":[],"footnotes":""},"class_list":["post-102070","page","type-page","status-publish","hentry"],"_links":{"self":[{"href":"https:\/\/www.nyahotel.cr\/es\/wp-json\/wp\/v2\/pages\/102070","targetHints":{"allow":["GET"]}}],"collection":[{"href":"https:\/\/www.nyahotel.cr\/es\/wp-json\/wp\/v2\/pages"}],"about":[{"href":"https:\/\/www.nyahotel.cr\/es\/wp-json\/wp\/v2\/types\/page"}],"author":[{"embeddable":true,"href":"https:\/\/www.nyahotel.cr\/es\/wp-json\/wp\/v2\/users\/1"}],"replies":[{"embeddable":true,"href":"https:\/\/www.nyahotel.cr\/es\/wp-json\/wp\/v2\/comments?post=102070"}],"version-history":[{"count":11,"href":"https:\/\/www.nyahotel.cr\/es\/wp-json\/wp\/v2\/pages\/102070\/revisions"}],"predecessor-version":[{"id":103032,"href":"https:\/\/www.nyahotel.cr\/es\/wp-json\/wp\/v2\/pages\/102070\/revisions\/103032"}],"wp:attachment":[{"href":"https:\/\/www.nyahotel.cr\/es\/wp-json\/wp\/v2\/media?parent=102070"}],"curies":[{"name":"wp","href":"https:\/\/api.w.org\/{rel}","templated":true}]}}